{"id":4793,"date":"2025-09-01T11:52:55","date_gmt":"2025-09-01T09:52:55","guid":{"rendered":"https:\/\/www.cyrus-technology.de\/novedades-de-productos\/"},"modified":"2025-09-04T10:30:53","modified_gmt":"2025-09-04T08:30:53","slug":"novedades-de-productos","status":"publish","type":"page","link":"https:\/\/www.cyrus-technology.de\/es\/novedades-de-productos\/","title":{"rendered":"Novedades de productos"},"content":{"rendered":"<p>[et_pb_section fb_built=\u00bb1&#8243; _builder_version=\u00bb4.27.4&#8243; _module_preset=\u00bbdefault\u00bb background_image=\u00bbhttps:\/\/www.cyrus-technology.de\/wp-content\/uploads\/2025\/08\/Platzhalter-BAnner-scaled.png\u00bb locked=\u00bboff\u00bb global_colors_info=\u00bb{}\u00bb][et_pb_row _builder_version=\u00bb4.27.4&#8243; _module_preset=\u00bbdefault\u00bb locked=\u00bboff\u00bb global_colors_info=\u00bb{}\u00bb][et_pb_column type=\u00bb4_4&#8243; _builder_version=\u00bb4.27.4&#8243; _module_preset=\u00bbdefault\u00bb global_colors_info=\u00bb{}\u00bb][et_pb_text _builder_version=\u00bb4.27.4&#8243; _module_preset=\u00bbdefault\u00bb text_font=\u00bb|700||on|||||\u00bb text_text_color=\u00bb#95C11F\u00bb text_line_height=\u00bb2em\u00bb locked=\u00bboff\u00bb global_colors_info=\u00bb{}\u00bb]<\/p>\n<p><span style=\"color: #ffffff;\"><span style=\"font-size: 24px;\">Novedades de productos<\/span><\/span><\/p>\n<p>[\/et_pb_text][\/et_pb_column][\/et_pb_row][\/et_pb_section][et_pb_section fb_built=\u00bb1&#8243; _builder_version=\u00bb4.27.4&#8243; _module_preset=\u00bbdefault\u00bb custom_margin=\u00bb0px|0px|0px|0px|false|false\u00bb custom_padding=\u00bb0px|0px|0px|0px|false|false\u00bb global_colors_info=\u00bb{}\u00bb][et_pb_row column_structure=\u00bb1_2,1_2&#8243; _builder_version=\u00bb4.27.4&#8243; _module_preset=\u00bbdefault\u00bb background_color=\u00bb#131313&#8243; width=\u00bb100%\u00bb max_width=\u00bb100%\u00bb custom_css_free_form=\u00bb.selector {||  display: flex;||  justify-content: center;||  align-items: center;||  text-align: center;||}\u00bb global_colors_info=\u00bb{}\u00bb][et_pb_column type=\u00bb1_2&#8243; _builder_version=\u00bb4.27.4&#8243; _module_preset=\u00bbdefault\u00bb global_colors_info=\u00bb{}\u00bb][et_pb_image src=\u00bbhttps:\/\/www.cyrus-technology.de\/wp-content\/uploads\/2025\/09\/Zeichenflaeche-1-3.png\u00bb title_text=\u00bbZeichenfl\u00e4che 1&#8243; _builder_version=\u00bb4.27.4&#8243; _module_preset=\u00bbdefault\u00bb custom_padding=\u00bb|||0px||\u00bb global_colors_info=\u00bb{}\u00bb][\/et_pb_image][\/et_pb_column][et_pb_column type=\u00bb1_2&#8243; _builder_version=\u00bb4.27.4&#8243; _module_preset=\u00bbdefault\u00bb global_colors_info=\u00bb{}\u00bb][et_pb_text _builder_version=\u00bb4.27.4&#8243; _module_preset=\u00bbdefault\u00bb text_font=\u00bb&#8211;et_global_body_font||||||||\u00bb text_font_size=\u00bb1.1em\u00bb text_line_height=\u00bb2em\u00bb background_color=\u00bbRGBA(255,255,255,0)\u00bb module_alignment=\u00bbcenter\u00bb custom_margin=\u00bb0px||0px||false|false\u00bb custom_padding=\u00bb0px|26%||80px|false|false\u00bb custom_css_free_form=\u00bb.selector {||  display: flex;||  justify-content: center;||  align-items: center;||  text-align: center;||}\u00bb locked=\u00bboff\u00bb inline_fonts=\u00bbFrutiger Bold\u00bb global_colors_info=\u00bb{}\u00bb]<\/p>\n<p><span style=\"color: #95c11f;\"><span style=\"font-family: 'Frutiger Bold'; font-weight: normal; font-size: xx-large;\"><strong>CR450<\/strong><\/span><strong><\/strong><\/span><\/p>\n<p><span style=\"color: #ffffff;\">El CR450 es un potente router industrial para conexiones de red seguras y flexibles. Con compatibilidad con doble SIM, t\u00faneles VPN (IPsec, OpenVPN, WireGuard), funciones de cortafuegos y gesti\u00f3n remota, ofrece una conectividad completa. Es compatible con LAN\/WAN, Wi-Fi (2,4 GHz, 300 Mbps) y numerosos protocolos de red. Gracias a su robusta carcasa met\u00e1lica, protecci\u00f3n IP30 y rango de temperatura ampliado, el CR450 es ideal para un uso fiable en entornos industriales.<\/span><\/p>\n<p>[\/et_pb_text][et_pb_button button_url=\u00bbhttps:\/\/outlook.office.com\/book\/Reservadecita@cyrus-technology.de\/?ismsaljsauthenabled\u00bb button_text=\u00bbCONSULTA SOBRE PRODUCTOS\u00bb button_alignment=\u00bbleft\u00bb _builder_version=\u00bb4.27.4&#8243; _module_preset=\u00bbdefault\u00bb custom_button=\u00bbon\u00bb button_text_size=\u00bb13px\u00bb button_text_color=\u00bb#95C11F\u00bb button_bg_color=\u00bbRGBA(255,255,255,0)\u00bb button_border_width=\u00bb3px\u00bb button_border_color=\u00bb#95C11F\u00bb button_border_radius=\u00bb0px\u00bb button_font=\u00bbFrutiger Bold|700|||||||\u00bb button_icon_color=\u00bb#95C11F\u00bb background_layout=\u00bbdark\u00bb custom_margin=\u00bb25px|||80px|false|false\u00bb custom_padding=\u00bb8px||3px||false|false\u00bb hover_enabled=\u00bb0&#8243; locked=\u00bboff\u00bb global_colors_info=\u00bb{}\u00bb button_bg_color__hover_enabled=\u00bbon|hover\u00bb button_bg_color__hover=\u00bbRGBA(255,255,255,0)\u00bb sticky_enabled=\u00bb0&#8243;][\/et_pb_button][\/et_pb_column][\/et_pb_row][et_pb_row column_structure=\u00bb1_2,1_2&#8243; _builder_version=\u00bb4.27.4&#8243; _module_preset=\u00bbdefault\u00bb width=\u00bb100%\u00bb max_width=\u00bb100%\u00bb custom_padding=\u00bb100px||100px||true|false\u00bb custom_css_free_form=\u00bb.selector {||  display: flex;||  justify-content: center;||  align-items: center;||  text-align: center;||}\u00bb locked=\u00bboff\u00bb global_colors_info=\u00bb{}\u00bb][et_pb_column type=\u00bb1_2&#8243; _builder_version=\u00bb4.27.4&#8243; _module_preset=\u00bbdefault\u00bb global_colors_info=\u00bb{}\u00bb][et_pb_image src=\u00bbhttps:\/\/www.cyrus-technology.de\/wp-content\/uploads\/2025\/08\/Element-2.png\u00bb title_text=\u00bbElement 2&#8243; _builder_version=\u00bb4.27.4&#8243; _module_preset=\u00bbdefault\u00bb width=\u00bb86%\u00bb custom_padding=\u00bb|||15%|false|false\u00bb global_colors_info=\u00bb{}\u00bb][\/et_pb_image][\/et_pb_column][et_pb_column type=\u00bb1_2&#8243; _builder_version=\u00bb4.27.4&#8243; _module_preset=\u00bbdefault\u00bb global_colors_info=\u00bb{}\u00bb][et_pb_text _builder_version=\u00bb4.27.4&#8243; _module_preset=\u00bbdefault\u00bb text_font_size=\u00bb1.1em\u00bb text_line_height=\u00bb2em\u00bb background_color=\u00bbRGBA(255,255,255,0)\u00bb module_alignment=\u00bbcenter\u00bb custom_margin=\u00bb0px||0px||false|false\u00bb custom_padding=\u00bb0px|26%||80px|false|false\u00bb custom_css_free_form=\u00bb.selector {||  display: flex;||  justify-content: center;||  align-items: center;||  text-align: center;||}\u00bb locked=\u00bboff\u00bb inline_fonts=\u00bbFrutiger Bold\u00bb global_colors_info=\u00bb{}\u00bb]<\/p>\n<p><span style=\"color: #131313;\"><span style=\"font-family: 'Frutiger Bold'; font-weight: normal; font-size: xx-large; color: #95c11f;\"><strong>MOBILE DEVICE MANAGEMENT<\/strong><\/span><strong><\/strong><\/span><\/p>\n<ul>\n<li>\n<div><span>Alojamiento en la nube en Fr\u00e1ncfort o in situ: soberan\u00eda total sobre los datos.<\/span><\/div>\n<\/li>\n<li>\n<div><span><\/span><span>Control centralizado de aplicaciones, actualizaciones OTA y directrices de seguridad.<\/span><\/div>\n<\/li>\n<li>\n<div><span><\/span><span>Informes y gesti\u00f3n de roles para garantizar el cumplimiento normativo y la transparencia.<\/span><\/div>\n<\/li>\n<li>\n<div><span><\/span><span>Hardware, software y servicio de un solo proveedor.<\/span><\/div>\n<\/li>\n<li>\n<div><span><\/span><span>Soluciones a medida para entornos dif\u00edciles.<\/span><\/div>\n<\/li>\n<li>\n<div><span><\/span><span>Asistencia t\u00e9cnica en alem\u00e1n y canales de comunicaci\u00f3n directos.<\/span><\/div>\n<\/li>\n<\/ul>\n<p>[\/et_pb_text][et_pb_button button_url=\u00bbhttps:\/\/outlook.office.com\/book\/Reservadecita@cyrus-technology.de\/?ismsaljsauthenabled\u00bb button_text=\u00bbSOLICITUD\u00bb button_alignment=\u00bbleft\u00bb _builder_version=\u00bb4.27.4&#8243; _module_preset=\u00bbdefault\u00bb custom_button=\u00bbon\u00bb button_text_size=\u00bb13px\u00bb button_text_color=\u00bb#95C11F\u00bb button_bg_color=\u00bbRGBA(255,255,255,0)\u00bb button_border_width=\u00bb3px\u00bb button_border_color=\u00bb#95C11F\u00bb button_border_radius=\u00bb0px\u00bb button_font=\u00bbFrutiger Bold|700|||||||\u00bb button_icon_color=\u00bb#95C11F\u00bb background_layout=\u00bbdark\u00bb custom_margin=\u00bb25px|||80px|false|false\u00bb custom_padding=\u00bb8px||3px||false|false\u00bb hover_enabled=\u00bb0&#8243; locked=\u00bboff\u00bb global_colors_info=\u00bb{}\u00bb button_bg_color__hover_enabled=\u00bbon|hover\u00bb button_bg_color__hover=\u00bbRGBA(255,255,255,0)\u00bb sticky_enabled=\u00bb0&#8243;][\/et_pb_button][\/et_pb_column][\/et_pb_row][et_pb_row column_structure=\u00bb1_2,1_2&#8243; _builder_version=\u00bb4.27.4&#8243; _module_preset=\u00bbdefault\u00bb background_color=\u00bb#131313&#8243; width=\u00bb100%\u00bb max_width=\u00bb100%\u00bb custom_css_free_form=\u00bb.selector {||  display: flex;||  justify-content: center;||  align-items: center;||  text-align: center;||}\u00bb global_colors_info=\u00bb{}\u00bb][et_pb_column type=\u00bb1_2&#8243; _builder_version=\u00bb4.27.4&#8243; _module_preset=\u00bbdefault\u00bb global_colors_info=\u00bb{}\u00bb][et_pb_image src=\u00bbhttps:\/\/www.cyrus-technology.de\/wp-content\/uploads\/2025\/09\/Zeichenflaeche-2.png\u00bb title_text=\u00bbZeichenfl\u00e4che 2&#8243; _builder_version=\u00bb4.27.4&#8243; _module_preset=\u00bbdefault\u00bb custom_padding=\u00bb|||0px||\u00bb global_colors_info=\u00bb{}\u00bb][\/et_pb_image][\/et_pb_column][et_pb_column type=\u00bb1_2&#8243; _builder_version=\u00bb4.27.4&#8243; _module_preset=\u00bbdefault\u00bb global_colors_info=\u00bb{}\u00bb][et_pb_text _builder_version=\u00bb4.27.4&#8243; _module_preset=\u00bbdefault\u00bb text_font_size=\u00bb1.1em\u00bb text_line_height=\u00bb2em\u00bb background_color=\u00bbRGBA(255,255,255,0)\u00bb module_alignment=\u00bbcenter\u00bb custom_margin=\u00bb0px||0px||false|false\u00bb custom_padding=\u00bb0px|26%||80px|false|false\u00bb custom_css_free_form=\u00bb.selector {||  display: flex;||  justify-content: center;||  align-items: center;||  text-align: center;||}\u00bb locked=\u00bboff\u00bb inline_fonts=\u00bbFrutiger Bold\u00bb global_colors_info=\u00bb{}\u00bb]<\/p>\n<p><span style=\"color: #ffffff;\"><span style=\"font-family: 'Frutiger Bold'; font-weight: normal; font-size: xx-large; color: #95c11f;\"><strong>CM450XA<\/strong><\/span><strong><\/strong><\/span><\/p>\n<p><span style=\"color: #ffffff;\">El CM450XA es un smartphone resistente para entornos de uso exigentes. Con Push-to-Talk para misiones cr\u00edticas, funci\u00f3n SOS y doble SIM, incluida la compatibilidad con el espectro de 450 MHz, est\u00e1 especialmente dise\u00f1ado para comunicaciones cr\u00edticas. Cuenta con certificaci\u00f3n IP68, es resistente a los golpes y est\u00e1 equipado con una potente bater\u00eda de 5000 mAh. Gracias a Android 14, la bater\u00eda reemplazable y las vers\u00e1tiles conexiones, combina la funcionalidad de un smartphone moderno con la m\u00e1xima fiabilidad.<\/span><\/p>\n<p>[\/et_pb_text][et_pb_button button_url=\u00bbhttps:\/\/outlook.office.com\/book\/Reservadecita@cyrus-technology.de\/?ismsaljsauthenabled\u00bb button_text=\u00bbCONSULTA SOBRE PRODUCTOS\u00bb button_alignment=\u00bbleft\u00bb _builder_version=\u00bb4.27.4&#8243; _module_preset=\u00bbdefault\u00bb custom_button=\u00bbon\u00bb button_text_size=\u00bb13px\u00bb button_text_color=\u00bb#95C11F\u00bb button_bg_color=\u00bbRGBA(255,255,255,0)\u00bb button_border_width=\u00bb3px\u00bb button_border_color=\u00bb#95C11F\u00bb button_border_radius=\u00bb0px\u00bb button_font=\u00bbFrutiger Bold|700|||||||\u00bb button_icon_color=\u00bb#95C11F\u00bb background_layout=\u00bbdark\u00bb custom_margin=\u00bb25px|||80px|false|false\u00bb custom_padding=\u00bb8px||3px||false|false\u00bb hover_enabled=\u00bb0&#8243; locked=\u00bboff\u00bb global_colors_info=\u00bb{}\u00bb button_bg_color__hover_enabled=\u00bbon|hover\u00bb button_bg_color__hover=\u00bbRGBA(255,255,255,0)\u00bb sticky_enabled=\u00bb0&#8243;][\/et_pb_button][\/et_pb_column][\/et_pb_row][\/et_pb_section][et_pb_section fb_built=\u00bb1&#8243; disabled_on=\u00bbon|off|off\u00bb _builder_version=\u00bb4.27.4&#8243; _module_preset=\u00bbdefault\u00bb background_color=\u00bb#131313&#8243; custom_margin=\u00bb0px|0px|0px|0px|false|false\u00bb custom_padding=\u00bb0px|0px|0px|0px|false|false\u00bb locked=\u00bboff\u00bb global_colors_info=\u00bb{}\u00bb][et_pb_row column_structure=\u00bb1_4,1_4,1_4,1_4&#8243; _builder_version=\u00bb4.27.4&#8243; _module_preset=\u00bbdefault\u00bb module_alignment=\u00bbcenter\u00bb custom_margin=\u00bb0px|0px|0px|0px|false|false\u00bb custom_padding=\u00bb30px|0px|30px|0px|true|false\u00bb global_colors_info=\u00bb{}\u00bb][et_pb_column type=\u00bb1_4&#8243; _builder_version=\u00bb4.27.4&#8243; _module_preset=\u00bbdefault\u00bb global_colors_info=\u00bb{}\u00bb][et_pb_image src=\u00bbhttps:\/\/www.cyrus-technology.de\/wp-content\/uploads\/2025\/09\/27001-klein_Zeichenflaeche-3.png\u00bb title_text=\u00bb27001 klein_Zeichenfl\u00e4che 3&#8243; force_fullwidth=\u00bbon\u00bb _builder_version=\u00bb4.27.4&#8243; _module_preset=\u00bbdefault\u00bb custom_margin=\u00bb0px|0px|0px|0px|false|false\u00bb custom_padding=\u00bb0px|0px|0px|0px|false|true\u00bb global_colors_info=\u00bb{}\u00bb][\/et_pb_image][\/et_pb_column][et_pb_column type=\u00bb1_4&#8243; _builder_version=\u00bb4.27.4&#8243; _module_preset=\u00bbdefault\u00bb global_colors_info=\u00bb{}\u00bb][et_pb_image src=\u00bbhttps:\/\/www.cyrus-technology.de\/wp-content\/uploads\/2025\/09\/14001-klein_Zeichenflaeche-3.png\u00bb title_text=\u00bb14001 klein_Zeichenfl\u00e4che 3&#8243; _builder_version=\u00bb4.27.4&#8243; _module_preset=\u00bbdefault\u00bb custom_margin=\u00bb0px|0px|0px|0px|false|false\u00bb custom_padding=\u00bb0px|0px|0px|0px|false|false\u00bb global_colors_info=\u00bb{}\u00bb][\/et_pb_image][\/et_pb_column][et_pb_column type=\u00bb1_4&#8243; _builder_version=\u00bb4.27.4&#8243; _module_preset=\u00bbdefault\u00bb global_colors_info=\u00bb{}\u00bb][et_pb_image src=\u00bbhttps:\/\/www.cyrus-technology.de\/wp-content\/uploads\/2025\/09\/9001-klein_Zeichenflaeche-3.png\u00bb title_text=\u00bb9001 klein_Zeichenfl\u00e4che 3&#8243; _builder_version=\u00bb4.27.4&#8243; _module_preset=\u00bbdefault\u00bb custom_margin=\u00bb0px|0px|0px|0px|false|false\u00bb custom_padding=\u00bb|0px|0px|0px|false|false\u00bb global_colors_info=\u00bb{}\u00bb][\/et_pb_image][\/et_pb_column][et_pb_column type=\u00bb1_4&#8243; _builder_version=\u00bb4.27.4&#8243; _module_preset=\u00bbdefault\u00bb global_colors_info=\u00bb{}\u00bb][et_pb_image src=\u00bbhttps:\/\/www.cyrus-technology.de\/wp-content\/uploads\/2025\/09\/tisax-klein_Zeichenflaeche-3.png\u00bb title_text=\u00bbtisax klein_Zeichenfl\u00e4che 3&#8243; _builder_version=\u00bb4.27.4&#8243; _module_preset=\u00bbdefault\u00bb width=\u00bb64%\u00bb module_alignment=\u00bbcenter\u00bb custom_margin=\u00bb0px|0px|0px|0px|false|false\u00bb custom_padding=\u00bb16px|0px|0px|0px|false|false\u00bb global_colors_info=\u00bb{}\u00bb][\/et_pb_image][\/et_pb_column][\/et_pb_row][\/et_pb_section][et_pb_section fb_built=\u00bb1&#8243; disabled_on=\u00bboff|on|on\u00bb _builder_version=\u00bb4.27.4&#8243; _module_preset=\u00bbdefault\u00bb background_color=\u00bb#131313&#8243; custom_margin=\u00bb0px|0px|0px|0px|false|false\u00bb custom_padding=\u00bb0px|0px|0px|0px|true|false\u00bb locked=\u00bboff\u00bb global_colors_info=\u00bb{}\u00bb][et_pb_row column_structure=\u00bb1_4,1_4,1_4,1_4&#8243; use_custom_gutter=\u00bbon\u00bb gutter_width=\u00bb2&#8243; make_equal=\u00bbon\u00bb _builder_version=\u00bb4.27.4&#8243; _module_preset=\u00bbdefault\u00bb width=\u00bb100%\u00bb custom_margin=\u00bb0px|auto|0px|auto|false|false\u00bb custom_padding=\u00bb0px|0px|0px|0px|false|false\u00bb custom_css_free_form=\u00bb.selector {||  display: grid;||  grid-template-columns: repeat(2, 2fr);||||  justify-content: center;||  text-align: center;||}||||.selector .et_pb_column {|| ||  padding: 10px;||}||\u00bb global_colors_info=\u00bb{}\u00bb][et_pb_column type=\u00bb1_4&#8243; _builder_version=\u00bb4.27.4&#8243; _module_preset=\u00bbdefault\u00bb global_colors_info=\u00bb{}\u00bb][et_pb_image src=\u00bbhttps:\/\/www.cyrus-technology.de\/wp-content\/uploads\/2025\/09\/27001-klein_Zeichenflaeche-3.png\u00bb title_text=\u00bb27001 klein_Zeichenfl\u00e4che 3&#8243; force_fullwidth=\u00bbon\u00bb _builder_version=\u00bb4.27.4&#8243; _module_preset=\u00bbdefault\u00bb custom_margin=\u00bb0px|0px|0px|0px|false|false\u00bb custom_padding=\u00bb0px|0px|0px|0px|false|true\u00bb global_colors_info=\u00bb{}\u00bb][\/et_pb_image][\/et_pb_column][et_pb_column type=\u00bb1_4&#8243; _builder_version=\u00bb4.27.4&#8243; _module_preset=\u00bbdefault\u00bb global_colors_info=\u00bb{}\u00bb][et_pb_image src=\u00bbhttps:\/\/www.cyrus-technology.de\/wp-content\/uploads\/2025\/09\/14001-klein_Zeichenflaeche-3.png\u00bb title_text=\u00bb14001 klein_Zeichenfl\u00e4che 3&#8243; _builder_version=\u00bb4.27.4&#8243; _module_preset=\u00bbdefault\u00bb custom_margin=\u00bb0px|0px|0px|0px|false|false\u00bb custom_padding=\u00bb0px|0px|0px|0px|false|false\u00bb global_colors_info=\u00bb{}\u00bb][\/et_pb_image][\/et_pb_column][et_pb_column type=\u00bb1_4&#8243; _builder_version=\u00bb4.27.4&#8243; _module_preset=\u00bbdefault\u00bb global_colors_info=\u00bb{}\u00bb][et_pb_image src=\u00bbhttps:\/\/www.cyrus-technology.de\/wp-content\/uploads\/2025\/09\/9001-klein_Zeichenflaeche-3.png\u00bb title_text=\u00bb9001 klein_Zeichenfl\u00e4che 3&#8243; _builder_version=\u00bb4.27.4&#8243; _module_preset=\u00bbdefault\u00bb custom_margin=\u00bb0px|0px|0px|0px|false|false\u00bb custom_padding=\u00bb|0px|0px|0px|false|false\u00bb global_colors_info=\u00bb{}\u00bb][\/et_pb_image][\/et_pb_column][et_pb_column type=\u00bb1_4&#8243; _builder_version=\u00bb4.27.4&#8243; _module_preset=\u00bbdefault\u00bb global_colors_info=\u00bb{}\u00bb][et_pb_image src=\u00bbhttps:\/\/www.cyrus-technology.de\/wp-content\/uploads\/2025\/09\/tisax-klein_Zeichenflaeche-3.png\u00bb title_text=\u00bbtisax klein_Zeichenfl\u00e4che 3&#8243; _builder_version=\u00bb4.27.4&#8243; _module_preset=\u00bbdefault\u00bb width=\u00bb70%\u00bb module_alignment=\u00bbcenter\u00bb custom_margin=\u00bb0px|0px|0px|0px|false|false\u00bb custom_padding=\u00bb13px|0px|0px|0px|false|false\u00bb global_colors_info=\u00bb{}\u00bb][\/et_pb_image][\/et_pb_column][\/et_pb_row][\/et_pb_section]<\/p>\n","protected":false},"excerpt":{"rendered":"<p>Novedades de productosCR450 El CR450 es un potente router industrial para conexiones de red seguras y flexibles. Con compatibilidad con doble SIM, t\u00faneles VPN (IPsec, OpenVPN, WireGuard), funciones de cortafuegos y gesti\u00f3n remota, ofrece una conectividad completa. Es compatible con LAN\/WAN, Wi-Fi (2,4 GHz, 300 Mbps) y numerosos protocolos de red. Gracias a su robusta [&hellip;]<\/p>\n","protected":false},"author":2784,"featured_media":0,"parent":0,"menu_order":0,"comment_status":"closed","ping_status":"closed","template":"","meta":{"_acf_changed":false,"_et_pb_use_builder":"on","_et_pb_old_content":"","_et_gb_content_width":"","footnotes":""},"class_list":["post-4793","page","type-page","status-publish","hentry"],"acf":[],"yoast_head":"<!-- This site is optimized with the Yoast SEO plugin v27.4 - https:\/\/yoast.com\/product\/yoast-seo-wordpress\/ -->\n<title>Novedades de productos | Cyrus Technology<\/title>\n<meta name=\"robots\" content=\"index, follow, max-snippet:-1, max-image-preview:large, max-video-preview:-1\" \/>\n<link rel=\"canonical\" href=\"https:\/\/www.cyrus-technology.de\/es\/novedades-de-productos\/\" \/>\n<meta property=\"og:locale\" content=\"es_ES\" \/>\n<meta property=\"og:type\" content=\"article\" \/>\n<meta property=\"og:title\" content=\"Novedades de productos | Cyrus Technology\" \/>\n<meta property=\"og:description\" content=\"Novedades de productosCR450 El CR450 es un potente router industrial para conexiones de red seguras y flexibles. Con compatibilidad con doble SIM, t\u00faneles VPN (IPsec, OpenVPN, WireGuard), funciones de cortafuegos y gesti\u00f3n remota, ofrece una conectividad completa. Es compatible con LAN\/WAN, Wi-Fi (2,4 GHz, 300 Mbps) y numerosos protocolos de red. Gracias a su robusta [&hellip;]\" \/>\n<meta property=\"og:url\" content=\"https:\/\/www.cyrus-technology.de\/es\/novedades-de-productos\/\" \/>\n<meta property=\"og:site_name\" content=\"Cyrus Technology\" \/>\n<meta property=\"article:modified_time\" content=\"2025-09-04T08:30:53+00:00\" \/>\n<meta name=\"twitter:card\" content=\"summary_large_image\" \/>\n<meta name=\"twitter:label1\" content=\"Tiempo de lectura\" \/>\n\t<meta name=\"twitter:data1\" content=\"4 minutos\" \/>\n<script type=\"application\/ld+json\" class=\"yoast-schema-graph\">{\"@context\":\"https:\\\/\\\/schema.org\",\"@graph\":[{\"@type\":\"WebPage\",\"@id\":\"https:\\\/\\\/www.cyrus-technology.de\\\/es\\\/novedades-de-productos\\\/\",\"url\":\"https:\\\/\\\/www.cyrus-technology.de\\\/es\\\/novedades-de-productos\\\/\",\"name\":\"Novedades de productos | Cyrus Technology\",\"isPartOf\":{\"@id\":\"https:\\\/\\\/www.cyrus-technology.de\\\/es\\\/#website\"},\"datePublished\":\"2025-09-01T09:52:55+00:00\",\"dateModified\":\"2025-09-04T08:30:53+00:00\",\"breadcrumb\":{\"@id\":\"https:\\\/\\\/www.cyrus-technology.de\\\/es\\\/novedades-de-productos\\\/#breadcrumb\"},\"inLanguage\":\"es\",\"potentialAction\":[{\"@type\":\"ReadAction\",\"target\":[\"https:\\\/\\\/www.cyrus-technology.de\\\/es\\\/novedades-de-productos\\\/\"]}]},{\"@type\":\"BreadcrumbList\",\"@id\":\"https:\\\/\\\/www.cyrus-technology.de\\\/es\\\/novedades-de-productos\\\/#breadcrumb\",\"itemListElement\":[{\"@type\":\"ListItem\",\"position\":1,\"name\":\"Startseite\",\"item\":\"https:\\\/\\\/www.cyrus-technology.de\\\/es\\\/\"},{\"@type\":\"ListItem\",\"position\":2,\"name\":\"Novedades de productos\"}]},{\"@type\":\"WebSite\",\"@id\":\"https:\\\/\\\/www.cyrus-technology.de\\\/es\\\/#website\",\"url\":\"https:\\\/\\\/www.cyrus-technology.de\\\/es\\\/\",\"name\":\"Cyrus Technology\",\"description\":\"INDUSTRIAL SOLUTIONS\",\"publisher\":{\"@id\":\"https:\\\/\\\/www.cyrus-technology.de\\\/es\\\/#organization\"},\"potentialAction\":[{\"@type\":\"SearchAction\",\"target\":{\"@type\":\"EntryPoint\",\"urlTemplate\":\"https:\\\/\\\/www.cyrus-technology.de\\\/es\\\/?s={search_term_string}\"},\"query-input\":{\"@type\":\"PropertyValueSpecification\",\"valueRequired\":true,\"valueName\":\"search_term_string\"}}],\"inLanguage\":\"es\"},{\"@type\":\"Organization\",\"@id\":\"https:\\\/\\\/www.cyrus-technology.de\\\/es\\\/#organization\",\"name\":\"Cyrus Technology GmbH\",\"url\":\"https:\\\/\\\/www.cyrus-technology.de\\\/es\\\/\",\"logo\":{\"@type\":\"ImageObject\",\"inLanguage\":\"es\",\"@id\":\"https:\\\/\\\/www.cyrus-technology.de\\\/es\\\/#\\\/schema\\\/logo\\\/image\\\/\",\"url\":\"https:\\\/\\\/www.cyrus-technology.de\\\/wp-content\\\/uploads\\\/2021\\\/05\\\/HEADER_DasistCyrus2.png\",\"contentUrl\":\"https:\\\/\\\/www.cyrus-technology.de\\\/wp-content\\\/uploads\\\/2021\\\/05\\\/HEADER_DasistCyrus2.png\",\"width\":2000,\"height\":1170,\"caption\":\"Cyrus Technology GmbH\"},\"image\":{\"@id\":\"https:\\\/\\\/www.cyrus-technology.de\\\/es\\\/#\\\/schema\\\/logo\\\/image\\\/\"}}]}<\/script>\n<!-- \/ Yoast SEO plugin. -->","yoast_head_json":{"title":"Novedades de productos | Cyrus Technology","robots":{"index":"index","follow":"follow","max-snippet":"max-snippet:-1","max-image-preview":"max-image-preview:large","max-video-preview":"max-video-preview:-1"},"canonical":"https:\/\/www.cyrus-technology.de\/es\/novedades-de-productos\/","og_locale":"es_ES","og_type":"article","og_title":"Novedades de productos | Cyrus Technology","og_description":"Novedades de productosCR450 El CR450 es un potente router industrial para conexiones de red seguras y flexibles. Con compatibilidad con doble SIM, t\u00faneles VPN (IPsec, OpenVPN, WireGuard), funciones de cortafuegos y gesti\u00f3n remota, ofrece una conectividad completa. Es compatible con LAN\/WAN, Wi-Fi (2,4 GHz, 300 Mbps) y numerosos protocolos de red. Gracias a su robusta [&hellip;]","og_url":"https:\/\/www.cyrus-technology.de\/es\/novedades-de-productos\/","og_site_name":"Cyrus Technology","article_modified_time":"2025-09-04T08:30:53+00:00","twitter_card":"summary_large_image","twitter_misc":{"Tiempo de lectura":"4 minutos"},"schema":{"@context":"https:\/\/schema.org","@graph":[{"@type":"WebPage","@id":"https:\/\/www.cyrus-technology.de\/es\/novedades-de-productos\/","url":"https:\/\/www.cyrus-technology.de\/es\/novedades-de-productos\/","name":"Novedades de productos | Cyrus Technology","isPartOf":{"@id":"https:\/\/www.cyrus-technology.de\/es\/#website"},"datePublished":"2025-09-01T09:52:55+00:00","dateModified":"2025-09-04T08:30:53+00:00","breadcrumb":{"@id":"https:\/\/www.cyrus-technology.de\/es\/novedades-de-productos\/#breadcrumb"},"inLanguage":"es","potentialAction":[{"@type":"ReadAction","target":["https:\/\/www.cyrus-technology.de\/es\/novedades-de-productos\/"]}]},{"@type":"BreadcrumbList","@id":"https:\/\/www.cyrus-technology.de\/es\/novedades-de-productos\/#breadcrumb","itemListElement":[{"@type":"ListItem","position":1,"name":"Startseite","item":"https:\/\/www.cyrus-technology.de\/es\/"},{"@type":"ListItem","position":2,"name":"Novedades de productos"}]},{"@type":"WebSite","@id":"https:\/\/www.cyrus-technology.de\/es\/#website","url":"https:\/\/www.cyrus-technology.de\/es\/","name":"Cyrus Technology","description":"INDUSTRIAL SOLUTIONS","publisher":{"@id":"https:\/\/www.cyrus-technology.de\/es\/#organization"},"potentialAction":[{"@type":"SearchAction","target":{"@type":"EntryPoint","urlTemplate":"https:\/\/www.cyrus-technology.de\/es\/?s={search_term_string}"},"query-input":{"@type":"PropertyValueSpecification","valueRequired":true,"valueName":"search_term_string"}}],"inLanguage":"es"},{"@type":"Organization","@id":"https:\/\/www.cyrus-technology.de\/es\/#organization","name":"Cyrus Technology GmbH","url":"https:\/\/www.cyrus-technology.de\/es\/","logo":{"@type":"ImageObject","inLanguage":"es","@id":"https:\/\/www.cyrus-technology.de\/es\/#\/schema\/logo\/image\/","url":"https:\/\/www.cyrus-technology.de\/wp-content\/uploads\/2021\/05\/HEADER_DasistCyrus2.png","contentUrl":"https:\/\/www.cyrus-technology.de\/wp-content\/uploads\/2021\/05\/HEADER_DasistCyrus2.png","width":2000,"height":1170,"caption":"Cyrus Technology GmbH"},"image":{"@id":"https:\/\/www.cyrus-technology.de\/es\/#\/schema\/logo\/image\/"}}]}},"_links":{"self":[{"href":"https:\/\/www.cyrus-technology.de\/es\/wp-json\/wp\/v2\/pages\/4793","targetHints":{"allow":["GET"]}}],"collection":[{"href":"https:\/\/www.cyrus-technology.de\/es\/wp-json\/wp\/v2\/pages"}],"about":[{"href":"https:\/\/www.cyrus-technology.de\/es\/wp-json\/wp\/v2\/types\/page"}],"author":[{"embeddable":true,"href":"https:\/\/www.cyrus-technology.de\/es\/wp-json\/wp\/v2\/users\/2784"}],"replies":[{"embeddable":true,"href":"https:\/\/www.cyrus-technology.de\/es\/wp-json\/wp\/v2\/comments?post=4793"}],"version-history":[{"count":9,"href":"https:\/\/www.cyrus-technology.de\/es\/wp-json\/wp\/v2\/pages\/4793\/revisions"}],"predecessor-version":[{"id":5003,"href":"https:\/\/www.cyrus-technology.de\/es\/wp-json\/wp\/v2\/pages\/4793\/revisions\/5003"}],"wp:attachment":[{"href":"https:\/\/www.cyrus-technology.de\/es\/wp-json\/wp\/v2\/media?parent=4793"}],"curies":[{"name":"wp","href":"https:\/\/api.w.org\/{rel}","templated":true}]}}