{"id":4750,"date":"2025-09-01T14:02:11","date_gmt":"2025-09-01T12:02:11","guid":{"rendered":"https:\/\/www.cyrus-technology.de\/certificados\/"},"modified":"2025-09-01T15:05:22","modified_gmt":"2025-09-01T13:05:22","slug":"certificados","status":"publish","type":"page","link":"https:\/\/www.cyrus-technology.de\/es\/certificados\/","title":{"rendered":"Certificados"},"content":{"rendered":"<p>[et_pb_section fb_built=\u00bb1&#8243; _builder_version=\u00bb4.27.4&#8243; _module_preset=\u00bbdefault\u00bb background_image=\u00bbhttps:\/\/www.cyrus-technology.de\/wp-content\/uploads\/2025\/08\/Platzhalter-BAnner-scaled.png\u00bb locked=\u00bboff\u00bb global_colors_info=\u00bb{}\u00bb][et_pb_row _builder_version=\u00bb4.27.4&#8243; _module_preset=\u00bbdefault\u00bb locked=\u00bboff\u00bb global_colors_info=\u00bb{}\u00bb][et_pb_column type=\u00bb4_4&#8243; _builder_version=\u00bb4.27.4&#8243; _module_preset=\u00bbdefault\u00bb global_colors_info=\u00bb{}\u00bb][et_pb_text _builder_version=\u00bb4.27.4&#8243; _module_preset=\u00bbdefault\u00bb text_font=\u00bbFrutiger Bold|700||on|||||\u00bb text_text_color=\u00bb#95C11F\u00bb text_line_height=\u00bb2em\u00bb locked=\u00bboff\u00bb global_colors_info=\u00bb{}\u00bb]<\/p>\n<p><span style=\"color: #ffffff;\"><span style=\"font-size: 24px;\">Certificados<\/span><\/span><\/p>\n<p>[\/et_pb_text][\/et_pb_column][\/et_pb_row][\/et_pb_section][et_pb_section fb_built=\u00bb1&#8243; _builder_version=\u00bb4.27.4&#8243; _module_preset=\u00bbdefault\u00bb background_color=\u00bb#131313&#8243; global_colors_info=\u00bb{}\u00bb][et_pb_row column_structure=\u00bb1_2,1_2&#8243; _builder_version=\u00bb4.27.4&#8243; _module_preset=\u00bbdefault\u00bb custom_css_free_form=\u00bb.selector {||  display: flex;||  justify-content: center;||  align-items: center;||  text-align: center;||}\u00bb global_colors_info=\u00bb{}\u00bb][et_pb_column type=\u00bb1_2&#8243; _builder_version=\u00bb4.27.4&#8243; _module_preset=\u00bbdefault\u00bb global_colors_info=\u00bb{}\u00bb][et_pb_image src=\u00bbhttps:\/\/www.cyrus-technology.de\/wp-content\/uploads\/2025\/09\/TISAX_Zeichenflaeche-3.png\u00bb title_text=\u00bbTISAX_Zeichenfl\u00e4che 3&#8243; _builder_version=\u00bb4.27.4&#8243; _module_preset=\u00bbdefault\u00bb module_alignment=\u00bbcenter\u00bb global_colors_info=\u00bb{}\u00bb][\/et_pb_image][\/et_pb_column][et_pb_column type=\u00bb1_2&#8243; _builder_version=\u00bb4.27.4&#8243; _module_preset=\u00bbdefault\u00bb global_colors_info=\u00bb{}\u00bb][et_pb_text _builder_version=\u00bb4.27.4&#8243; _module_preset=\u00bbdefault\u00bb text_text_color=\u00bb#FFFFFF\u00bb text_font_size=\u00bb1.1em\u00bb custom_margin=\u00bb0px|0px|0px|0px|false|false\u00bb custom_padding=\u00bb0px|0px|0px|80px|false|false\u00bb locked=\u00bboff\u00bb inline_fonts=\u00bbFrutiger Bold\u00bb global_colors_info=\u00bb{}\u00bb]<\/p>\n<p><span style=\"font-family: \u201cFrutiger Bold\u201d; font-weight: normal; font-size: large;\"><strong data-start=\u00ab100\u00bb data-end=\u00ab125\u00bb>Certificaci\u00f3n TISAX\u00ae<br \/><\/strong><\/span><br data-start=\u201c125\u201d data-end=\u00ab128\u00bb \/ >La certificaci\u00f3n TISAX\u00ae confirma que Cyrus Technology cumple los estrictos requisitos de seguridad de la informaci\u00f3n de la industria automovil\u00edstica. Certifica el tratamiento seguro de datos confidenciales, desde su recopilaci\u00f3n hasta su almacenamiento y procesamiento. De este modo, se garantiza que los socios comerciales puedan confiar en un alto nivel de protecci\u00f3n y en procesos verificados.<\/p>\n<p>[\/et_pb_text][et_pb_button button_url=\u00bbhttps:\/\/www.cyrus-technology.de\/wp-content\/uploads\/2025\/09\/Scope-SVVHC7-decorative-assessment-document.pdf\u00bb button_text=\u00bbVER CERTIFICADO\u00bb button_alignment=\u00bbleft\u00bb _builder_version=\u00bb4.27.4&#8243; _module_preset=\u00bbdefault\u00bb custom_button=\u00bbon\u00bb button_text_size=\u00bb13px\u00bb button_text_color=\u00bb#95C11F\u00bb button_bg_color=\u00bbRGBA(255,255,255,0)\u00bb button_border_width=\u00bb3px\u00bb button_border_color=\u00bb#95C11F\u00bb button_border_radius=\u00bb0px\u00bb button_font=\u00bbFrutiger Bold|700|||||||\u00bb button_icon_color=\u00bb#95C11F\u00bb background_layout=\u00bbdark\u00bb custom_margin=\u00bb25px||0px|80px|false|false\u00bb custom_padding=\u00bb8px||3px||false|false\u00bb locked=\u00bboff\u00bb global_colors_info=\u00bb{}\u00bb button_bg_color__hover_enabled=\u00bbon|hover\u00bb button_bg_color__hover=\u00bbRGBA(255,255,255,0)\u00bb][\/et_pb_button][\/et_pb_column][\/et_pb_row][\/et_pb_section][et_pb_section fb_built=\u00bb1&#8243; _builder_version=\u00bb4.27.4&#8243; _module_preset=\u00bbdefault\u00bb background_color=\u00bb#3a3a3a\u00bb global_colors_info=\u00bb{}\u00bb][et_pb_row column_structure=\u00bb1_2,1_2&#8243; _builder_version=\u00bb4.27.4&#8243; _module_preset=\u00bbdefault\u00bb hover_enabled=\u00bb0&#8243; custom_css_free_form=\u00bb.selector {||  display: flex;||  justify-content: center;||  align-items: center;||  text-align: center;||}\u00bb global_colors_info=\u00bb{}\u00bb sticky_enabled=\u00bb0&#8243;][et_pb_column type=\u00bb1_2&#8243; _builder_version=\u00bb4.27.4&#8243; _module_preset=\u00bbdefault\u00bb global_colors_info=\u00bb{}\u00bb][et_pb_text _builder_version=\u00bb4.27.4&#8243; _module_preset=\u00bbdefault\u00bb text_text_color=\u00bb#FFFFFF\u00bb text_font_size=\u00bb1.1em\u00bb custom_margin=\u00bb0px|0px|0px|0px|false|false\u00bb custom_padding=\u00bb0px|80px|0px|2px|false|false\u00bb locked=\u00bboff\u00bb inline_fonts=\u00bbFrutiger Bold\u00bb global_colors_info=\u00bb{}\u00bb]<\/p>\n<p><strong data-start=\u00ab97\u00bb data-end=\u00ab124\u00bb><span style=\"font-family: \u201cFrutiger Bold\u201d; font-weight: normal; font-size: large;\">Certificaci\u00f3n ISO 9001<\/span><br \/><\/strong><br data-start=\u201c124\u201d data-end=\u00ab127\u00bb \/ >La certificaci\u00f3n ISO 9001 confirma que Cyrus Technology ha implantado y aplicado con \u00e9xito un eficaz sistema de gesti\u00f3n de la calidad. Esto garantiza que nuestros procesos, desde el desarrollo y la distribuci\u00f3n de nuestros robustos dispositivos m\u00f3viles hasta los servicios de asistencia y soporte t\u00e9cnico, cumplen con altos est\u00e1ndares de calidad y se mejoran continuamente.<\/p>\n<p>[\/et_pb_text][et_pb_button button_url=\u00bbhttps:\/\/www.cyrus-technology.de\/wp-content\/uploads\/2025\/09\/Zertifikat-DIN-EN-ISO-9001_v-00_final.pdf\u00bb button_text=\u00bbVER CERTIFICADO\u00bb button_alignment=\u00bbleft\u00bb _builder_version=\u00bb4.27.4&#8243; _module_preset=\u00bbdefault\u00bb custom_button=\u00bbon\u00bb button_text_size=\u00bb13px\u00bb button_text_color=\u00bb#95C11F\u00bb button_bg_color=\u00bbRGBA(255,255,255,0)\u00bb button_border_width=\u00bb3px\u00bb button_border_color=\u00bb#95C11F\u00bb button_border_radius=\u00bb0px\u00bb button_font=\u00bbFrutiger Bold|700|||||||\u00bb button_icon_color=\u00bb#95C11F\u00bb background_layout=\u00bbdark\u00bb custom_margin=\u00bb25px||0px|1px|false|false\u00bb custom_padding=\u00bb8px||3px||false|false\u00bb locked=\u00bboff\u00bb global_colors_info=\u00bb{}\u00bb button_bg_color__hover_enabled=\u00bbon|hover\u00bb button_bg_color__hover=\u00bbRGBA(255,255,255,0)\u00bb][\/et_pb_button][\/et_pb_column][et_pb_column type=\u00bb1_2&#8243; _builder_version=\u00bb4.27.4&#8243; _module_preset=\u00bbdefault\u00bb global_colors_info=\u00bb{}\u00bb][et_pb_image src=\u00bbhttps:\/\/www.cyrus-technology.de\/wp-content\/uploads\/2025\/09\/9001_Zeichenflaeche-3.png\u00bb title_text=\u00bb9001_Zeichenfl\u00e4che 3&#8243; _builder_version=\u00bb4.27.4&#8243; _module_preset=\u00bbdefault\u00bb global_colors_info=\u00bb{}\u00bb][\/et_pb_image][\/et_pb_column][\/et_pb_row][\/et_pb_section][et_pb_section fb_built=\u00bb1&#8243; _builder_version=\u00bb4.27.4&#8243; _module_preset=\u00bbdefault\u00bb background_color=\u00bb#131313&#8243; global_colors_info=\u00bb{}\u00bb][et_pb_row column_structure=\u00bb1_2,1_2&#8243; _builder_version=\u00bb4.27.4&#8243; _module_preset=\u00bbdefault\u00bb hover_enabled=\u00bb0&#8243; global_colors_info=\u00bb{}\u00bb custom_css_free_form=\u00bb.selector {||  display: flex;||  justify-content: center;||  align-items: center;||  text-align: center;||}\u00bb sticky_enabled=\u00bb0&#8243;][et_pb_column type=\u00bb1_2&#8243; _builder_version=\u00bb4.27.4&#8243; _module_preset=\u00bbdefault\u00bb global_colors_info=\u00bb{}\u00bb][et_pb_image src=\u00bbhttps:\/\/www.cyrus-technology.de\/wp-content\/uploads\/2025\/09\/14001_Zeichenflaeche-3.png\u00bb title_text=\u00bb14001_Zeichenfl\u00e4che 3&#8243; _builder_version=\u00bb4.27.4&#8243; _module_preset=\u00bbdefault\u00bb module_alignment=\u00bbcenter\u00bb global_colors_info=\u00bb{}\u00bb][\/et_pb_image][\/et_pb_column][et_pb_column type=\u00bb1_2&#8243; _builder_version=\u00bb4.27.4&#8243; _module_preset=\u00bbdefault\u00bb global_colors_info=\u00bb{}\u00bb][et_pb_text _builder_version=\u00bb4.27.4&#8243; _module_preset=\u00bbdefault\u00bb text_text_color=\u00bb#FFFFFF\u00bb text_font_size=\u00bb1.1em\u00bb custom_margin=\u00bb0px|0px|0px|0px|false|false\u00bb custom_padding=\u00bb0px|0px|0px|80px|false|false\u00bb locked=\u00bboff\u00bb inline_fonts=\u00bbFrutiger Bold\u00bb global_colors_info=\u00bb{}\u00bb]<\/p>\n<p><span style=\"font-family: \u201cFrutiger Bold\u201d; font-weight: normal; font-size: large;\"><strong data-start=\u00ab95\u00bb data-end=\u00ab123\u00bb>Certificaci\u00f3n ISO 14001<br \/><\/strong><\/span><br data-start=\u201c123\u201d data-end=\u00ab126\u00bb \/ >La certificaci\u00f3n ISO 14001 confirma que Cyrus Technology ha implantado un sistema de gesti\u00f3n medioambiental eficaz. Con ello nos comprometemos a utilizar los recursos de forma responsable, reducir el impacto medioambiental y dise\u00f1ar nuestros procesos de forma sostenible. De este modo, garantizamos que la calidad y la responsabilidad medioambiental vayan de la mano.<\/p>\n<p>[\/et_pb_text][et_pb_button button_url=\u00bbhttps:\/\/www.cyrus-technology.de\/wp-content\/uploads\/2025\/09\/Zertifikat-DIN-EN-ISO-14001_v-00_final-1.pdf\u00bb button_text=\u00bbVER CERTIFICADO\u00bb button_alignment=\u00bbleft\u00bb _builder_version=\u00bb4.27.4&#8243; _module_preset=\u00bbdefault\u00bb custom_button=\u00bbon\u00bb button_text_size=\u00bb13px\u00bb button_text_color=\u00bb#95C11F\u00bb button_bg_color=\u00bbRGBA(255,255,255,0)\u00bb button_border_width=\u00bb3px\u00bb button_border_color=\u00bb#95C11F\u00bb button_border_radius=\u00bb0px\u00bb button_font=\u00bbFrutiger Bold|700|||||||\u00bb button_icon_color=\u00bb#95C11F\u00bb background_layout=\u00bbdark\u00bb custom_margin=\u00bb25px||0px|80px|false|false\u00bb custom_padding=\u00bb8px||3px||false|false\u00bb hover_enabled=\u00bb0&#8243; locked=\u00bboff\u00bb global_colors_info=\u00bb{}\u00bb button_bg_color__hover_enabled=\u00bbon|hover\u00bb button_bg_color__hover=\u00bbRGBA(255,255,255,0)\u00bb sticky_enabled=\u00bb0&#8243;][\/et_pb_button][\/et_pb_column][\/et_pb_row][\/et_pb_section][et_pb_section fb_built=\u00bb1&#8243; _builder_version=\u00bb4.27.4&#8243; _module_preset=\u00bbdefault\u00bb background_color=\u00bb#3a3a3a\u00bb global_colors_info=\u00bb{}\u00bb][et_pb_row column_structure=\u00bb1_2,1_2&#8243; _builder_version=\u00bb4.27.4&#8243; _module_preset=\u00bbdefault\u00bb hover_enabled=\u00bb0&#8243; global_colors_info=\u00bb{}\u00bb custom_css_free_form=\u00bb.selector {||  display: flex;||  justify-content: center;||  align-items: center;||  text-align: center;||}\u00bb sticky_enabled=\u00bb0&#8243;][et_pb_column type=\u00bb1_2&#8243; _builder_version=\u00bb4.27.4&#8243; _module_preset=\u00bbdefault\u00bb global_colors_info=\u00bb{}\u00bb][et_pb_text _builder_version=\u00bb4.27.4&#8243; _module_preset=\u00bbdefault\u00bb text_text_color=\u00bb#FFFFFF\u00bb text_font_size=\u00bb1.1em\u00bb custom_margin=\u00bb0px|0px|0px|0px|false|false\u00bb custom_padding=\u00bb0px|80px|0px|2px|false|false\u00bb locked=\u00bboff\u00bb inline_fonts=\u00bbFrutiger Bold\u00bb global_colors_info=\u00bb{}\u00bb]<\/p>\n<p><span style=\"font-family: \u201cFrutiger Bold\u201d; font-weight: normal; font-size: large;\"><strong data-start=\u00ab95\u00bb data-end=\u00ab127\u00bb>Certificaci\u00f3n ISO\/IEC 27001<\/strong><\/span><\/p>\n<p><\/p>\n<p>La certificaci\u00f3n ISO\/IEC 27001 confirma que Cyrus Technology ha implantado un sistema de gesti\u00f3n de la seguridad de la informaci\u00f3n reconocido. Garantiza que los datos confidenciales se protegen de forma fiable, se minimizan los riesgos de forma sistem\u00e1tica y se cumplen los m\u00e1s altos est\u00e1ndares en materia de seguridad de la informaci\u00f3n.<\/p>\n<p>[\/et_pb_text][et_pb_button button_url=\u00bbhttps:\/\/www.cyrus-technology.de\/wp-content\/uploads\/2025\/09\/Zertifikat-DIN-EN-ISO-27001_v-00_final-1.pdf\u00bb button_text=\u00bbVER CERTIFICADO\u00bb button_alignment=\u00bbleft\u00bb _builder_version=\u00bb4.27.4&#8243; _module_preset=\u00bbdefault\u00bb custom_button=\u00bbon\u00bb button_text_size=\u00bb13px\u00bb button_text_color=\u00bb#95C11F\u00bb button_bg_color=\u00bbRGBA(255,255,255,0)\u00bb button_border_width=\u00bb3px\u00bb button_border_color=\u00bb#95C11F\u00bb button_border_radius=\u00bb0px\u00bb button_font=\u00bbFrutiger Bold|700|||||||\u00bb button_icon_color=\u00bb#95C11F\u00bb background_layout=\u00bbdark\u00bb custom_margin=\u00bb25px||0px|1px|false|false\u00bb custom_padding=\u00bb8px||3px||false|false\u00bb hover_enabled=\u00bb0&#8243; locked=\u00bboff\u00bb global_colors_info=\u00bb{}\u00bb button_bg_color__hover_enabled=\u00bbon|hover\u00bb button_bg_color__hover=\u00bbRGBA(255,255,255,0)\u00bb sticky_enabled=\u00bb0&#8243;][\/et_pb_button][\/et_pb_column][et_pb_column type=\u00bb1_2&#8243; _builder_version=\u00bb4.27.4&#8243; _module_preset=\u00bbdefault\u00bb global_colors_info=\u00bb{}\u00bb][et_pb_image src=\u00bbhttps:\/\/www.cyrus-technology.de\/wp-content\/uploads\/2025\/09\/27001_Zeichenflaeche-3.png\u00bb title_text=\u00bb27001_Zeichenfl\u00e4che 3&#8243; _builder_version=\u00bb4.27.4&#8243; _module_preset=\u00bbdefault\u00bb global_colors_info=\u00bb{}\u00bb][\/et_pb_image][\/et_pb_column][\/et_pb_row][\/et_pb_section]<\/p>\n","protected":false},"excerpt":{"rendered":"<p>CertificadosCertificaci\u00f3n TISAX\u00aeLa certificaci\u00f3n TISAX\u00ae confirma que Cyrus Technology cumple los estrictos requisitos de seguridad de la informaci\u00f3n de la industria automovil\u00edstica. Certifica el tratamiento seguro de datos confidenciales, desde su recopilaci\u00f3n hasta su almacenamiento y procesamiento. De este modo, se garantiza que los socios comerciales puedan confiar en un alto nivel de protecci\u00f3n y en [&hellip;]<\/p>\n","protected":false},"author":2784,"featured_media":0,"parent":0,"menu_order":0,"comment_status":"closed","ping_status":"closed","template":"","meta":{"_acf_changed":false,"_et_pb_use_builder":"on","_et_pb_old_content":"","_et_gb_content_width":"","footnotes":""},"class_list":["post-4750","page","type-page","status-publish","hentry"],"acf":[],"yoast_head":"<!-- This site is optimized with the Yoast SEO plugin v27.4 - https:\/\/yoast.com\/product\/yoast-seo-wordpress\/ -->\n<title>Certificados | Cyrus Technology<\/title>\n<meta name=\"robots\" content=\"index, follow, max-snippet:-1, max-image-preview:large, max-video-preview:-1\" \/>\n<link rel=\"canonical\" href=\"https:\/\/www.cyrus-technology.de\/es\/certificados\/\" \/>\n<meta property=\"og:locale\" content=\"es_ES\" \/>\n<meta property=\"og:type\" content=\"article\" \/>\n<meta property=\"og:title\" content=\"Certificados | Cyrus Technology\" \/>\n<meta property=\"og:description\" content=\"CertificadosCertificaci\u00f3n TISAX\u00aeLa certificaci\u00f3n TISAX\u00ae confirma que Cyrus Technology cumple los estrictos requisitos de seguridad de la informaci\u00f3n de la industria automovil\u00edstica. Certifica el tratamiento seguro de datos confidenciales, desde su recopilaci\u00f3n hasta su almacenamiento y procesamiento. De este modo, se garantiza que los socios comerciales puedan confiar en un alto nivel de protecci\u00f3n y en [&hellip;]\" \/>\n<meta property=\"og:url\" content=\"https:\/\/www.cyrus-technology.de\/es\/certificados\/\" \/>\n<meta property=\"og:site_name\" content=\"Cyrus Technology\" \/>\n<meta property=\"article:modified_time\" content=\"2025-09-01T13:05:22+00:00\" \/>\n<meta name=\"twitter:card\" content=\"summary_large_image\" \/>\n<meta name=\"twitter:label1\" content=\"Tiempo de lectura\" \/>\n\t<meta name=\"twitter:data1\" content=\"7 minutos\" \/>\n<script type=\"application\/ld+json\" class=\"yoast-schema-graph\">{\"@context\":\"https:\\\/\\\/schema.org\",\"@graph\":[{\"@type\":\"WebPage\",\"@id\":\"https:\\\/\\\/www.cyrus-technology.de\\\/es\\\/certificados\\\/\",\"url\":\"https:\\\/\\\/www.cyrus-technology.de\\\/es\\\/certificados\\\/\",\"name\":\"Certificados | Cyrus Technology\",\"isPartOf\":{\"@id\":\"https:\\\/\\\/www.cyrus-technology.de\\\/es\\\/#website\"},\"datePublished\":\"2025-09-01T12:02:11+00:00\",\"dateModified\":\"2025-09-01T13:05:22+00:00\",\"breadcrumb\":{\"@id\":\"https:\\\/\\\/www.cyrus-technology.de\\\/es\\\/certificados\\\/#breadcrumb\"},\"inLanguage\":\"es\",\"potentialAction\":[{\"@type\":\"ReadAction\",\"target\":[\"https:\\\/\\\/www.cyrus-technology.de\\\/es\\\/certificados\\\/\"]}]},{\"@type\":\"BreadcrumbList\",\"@id\":\"https:\\\/\\\/www.cyrus-technology.de\\\/es\\\/certificados\\\/#breadcrumb\",\"itemListElement\":[{\"@type\":\"ListItem\",\"position\":1,\"name\":\"Startseite\",\"item\":\"https:\\\/\\\/www.cyrus-technology.de\\\/es\\\/\"},{\"@type\":\"ListItem\",\"position\":2,\"name\":\"Certificados\"}]},{\"@type\":\"WebSite\",\"@id\":\"https:\\\/\\\/www.cyrus-technology.de\\\/es\\\/#website\",\"url\":\"https:\\\/\\\/www.cyrus-technology.de\\\/es\\\/\",\"name\":\"Cyrus Technology\",\"description\":\"INDUSTRIAL SOLUTIONS\",\"publisher\":{\"@id\":\"https:\\\/\\\/www.cyrus-technology.de\\\/es\\\/#organization\"},\"potentialAction\":[{\"@type\":\"SearchAction\",\"target\":{\"@type\":\"EntryPoint\",\"urlTemplate\":\"https:\\\/\\\/www.cyrus-technology.de\\\/es\\\/?s={search_term_string}\"},\"query-input\":{\"@type\":\"PropertyValueSpecification\",\"valueRequired\":true,\"valueName\":\"search_term_string\"}}],\"inLanguage\":\"es\"},{\"@type\":\"Organization\",\"@id\":\"https:\\\/\\\/www.cyrus-technology.de\\\/es\\\/#organization\",\"name\":\"Cyrus Technology GmbH\",\"url\":\"https:\\\/\\\/www.cyrus-technology.de\\\/es\\\/\",\"logo\":{\"@type\":\"ImageObject\",\"inLanguage\":\"es\",\"@id\":\"https:\\\/\\\/www.cyrus-technology.de\\\/es\\\/#\\\/schema\\\/logo\\\/image\\\/\",\"url\":\"https:\\\/\\\/www.cyrus-technology.de\\\/wp-content\\\/uploads\\\/2021\\\/05\\\/HEADER_DasistCyrus2.png\",\"contentUrl\":\"https:\\\/\\\/www.cyrus-technology.de\\\/wp-content\\\/uploads\\\/2021\\\/05\\\/HEADER_DasistCyrus2.png\",\"width\":2000,\"height\":1170,\"caption\":\"Cyrus Technology GmbH\"},\"image\":{\"@id\":\"https:\\\/\\\/www.cyrus-technology.de\\\/es\\\/#\\\/schema\\\/logo\\\/image\\\/\"}}]}<\/script>\n<!-- \/ Yoast SEO plugin. -->","yoast_head_json":{"title":"Certificados | Cyrus Technology","robots":{"index":"index","follow":"follow","max-snippet":"max-snippet:-1","max-image-preview":"max-image-preview:large","max-video-preview":"max-video-preview:-1"},"canonical":"https:\/\/www.cyrus-technology.de\/es\/certificados\/","og_locale":"es_ES","og_type":"article","og_title":"Certificados | Cyrus Technology","og_description":"CertificadosCertificaci\u00f3n TISAX\u00aeLa certificaci\u00f3n TISAX\u00ae confirma que Cyrus Technology cumple los estrictos requisitos de seguridad de la informaci\u00f3n de la industria automovil\u00edstica. Certifica el tratamiento seguro de datos confidenciales, desde su recopilaci\u00f3n hasta su almacenamiento y procesamiento. De este modo, se garantiza que los socios comerciales puedan confiar en un alto nivel de protecci\u00f3n y en [&hellip;]","og_url":"https:\/\/www.cyrus-technology.de\/es\/certificados\/","og_site_name":"Cyrus Technology","article_modified_time":"2025-09-01T13:05:22+00:00","twitter_card":"summary_large_image","twitter_misc":{"Tiempo de lectura":"7 minutos"},"schema":{"@context":"https:\/\/schema.org","@graph":[{"@type":"WebPage","@id":"https:\/\/www.cyrus-technology.de\/es\/certificados\/","url":"https:\/\/www.cyrus-technology.de\/es\/certificados\/","name":"Certificados | Cyrus Technology","isPartOf":{"@id":"https:\/\/www.cyrus-technology.de\/es\/#website"},"datePublished":"2025-09-01T12:02:11+00:00","dateModified":"2025-09-01T13:05:22+00:00","breadcrumb":{"@id":"https:\/\/www.cyrus-technology.de\/es\/certificados\/#breadcrumb"},"inLanguage":"es","potentialAction":[{"@type":"ReadAction","target":["https:\/\/www.cyrus-technology.de\/es\/certificados\/"]}]},{"@type":"BreadcrumbList","@id":"https:\/\/www.cyrus-technology.de\/es\/certificados\/#breadcrumb","itemListElement":[{"@type":"ListItem","position":1,"name":"Startseite","item":"https:\/\/www.cyrus-technology.de\/es\/"},{"@type":"ListItem","position":2,"name":"Certificados"}]},{"@type":"WebSite","@id":"https:\/\/www.cyrus-technology.de\/es\/#website","url":"https:\/\/www.cyrus-technology.de\/es\/","name":"Cyrus Technology","description":"INDUSTRIAL SOLUTIONS","publisher":{"@id":"https:\/\/www.cyrus-technology.de\/es\/#organization"},"potentialAction":[{"@type":"SearchAction","target":{"@type":"EntryPoint","urlTemplate":"https:\/\/www.cyrus-technology.de\/es\/?s={search_term_string}"},"query-input":{"@type":"PropertyValueSpecification","valueRequired":true,"valueName":"search_term_string"}}],"inLanguage":"es"},{"@type":"Organization","@id":"https:\/\/www.cyrus-technology.de\/es\/#organization","name":"Cyrus Technology GmbH","url":"https:\/\/www.cyrus-technology.de\/es\/","logo":{"@type":"ImageObject","inLanguage":"es","@id":"https:\/\/www.cyrus-technology.de\/es\/#\/schema\/logo\/image\/","url":"https:\/\/www.cyrus-technology.de\/wp-content\/uploads\/2021\/05\/HEADER_DasistCyrus2.png","contentUrl":"https:\/\/www.cyrus-technology.de\/wp-content\/uploads\/2021\/05\/HEADER_DasistCyrus2.png","width":2000,"height":1170,"caption":"Cyrus Technology GmbH"},"image":{"@id":"https:\/\/www.cyrus-technology.de\/es\/#\/schema\/logo\/image\/"}}]}},"_links":{"self":[{"href":"https:\/\/www.cyrus-technology.de\/es\/wp-json\/wp\/v2\/pages\/4750","targetHints":{"allow":["GET"]}}],"collection":[{"href":"https:\/\/www.cyrus-technology.de\/es\/wp-json\/wp\/v2\/pages"}],"about":[{"href":"https:\/\/www.cyrus-technology.de\/es\/wp-json\/wp\/v2\/types\/page"}],"author":[{"embeddable":true,"href":"https:\/\/www.cyrus-technology.de\/es\/wp-json\/wp\/v2\/users\/2784"}],"replies":[{"embeddable":true,"href":"https:\/\/www.cyrus-technology.de\/es\/wp-json\/wp\/v2\/comments?post=4750"}],"version-history":[{"count":2,"href":"https:\/\/www.cyrus-technology.de\/es\/wp-json\/wp\/v2\/pages\/4750\/revisions"}],"predecessor-version":[{"id":4752,"href":"https:\/\/www.cyrus-technology.de\/es\/wp-json\/wp\/v2\/pages\/4750\/revisions\/4752"}],"wp:attachment":[{"href":"https:\/\/www.cyrus-technology.de\/es\/wp-json\/wp\/v2\/media?parent=4750"}],"curies":[{"name":"wp","href":"https:\/\/api.w.org\/{rel}","templated":true}]}}