{"id":1405,"date":"2021-04-29T12:43:02","date_gmt":"2021-04-29T10:43:02","guid":{"rendered":"https:\/\/staging.cyrus-technology.de\/impressum\/"},"modified":"2025-09-19T14:30:50","modified_gmt":"2025-09-19T12:30:50","slug":"cyrus-aviso-legal","status":"publish","type":"page","link":"https:\/\/www.cyrus-technology.de\/es\/cyrus-aviso-legal\/","title":{"rendered":"Aviso Legal"},"content":{"rendered":"<p>[et_pb_section fb_built=\u00bb1&#8243; disabled_on=\u00bboff|off|off\u00bb _builder_version=\u00bb4.27.4&#8243; _module_preset=\u00bbdefault\u00bb min_height=\u00bb100%\u00bb height=\u00bb100%\u00bb max_height=\u00bb100%\u00bb custom_padding=\u00bb||0px||false|false\u00bb locked=\u00bboff\u00bb global_colors_info=\u00bb{}\u00bb][et_pb_row column_structure=\u00bb1_2,1_2&#8243; _builder_version=\u00bb4.27.4&#8243; _module_preset=\u00bbdefault\u00bb min_height=\u00bb100%\u00bb height=\u00bb100%\u00bb max_height=\u00bb100%\u00bb custom_padding=\u00bb||300px|||\u00bb global_colors_info=\u00bb{}\u00bb][et_pb_column type=\u00bb1_2&#8243; _builder_version=\u00bb4.27.4&#8243; _module_preset=\u00bbdefault\u00bb global_colors_info=\u00bb{}\u00bb][et_pb_text _builder_version=\u00bb4.27.4&#8243; _module_preset=\u00bbdefault\u00bb text_font=\u00bbFrutiger Bold|||on|||||\u00bb text_text_color=\u00bb#95C11F\u00bb text_font_size=\u00bb27px\u00bb text_line_height=\u00bb1.8em\u00bb locked=\u00bboff\u00bb global_colors_info=\u00bb{}\u00bb]<\/p>\n<p>Aviso legal<\/p>\n<p>[\/et_pb_text][\/et_pb_column][et_pb_column type=\u00bb1_2&#8243; _builder_version=\u00bb4.27.4&#8243; _module_preset=\u00bbdefault\u00bb global_colors_info=\u00bb{}\u00bb][et_pb_text _builder_version=\u00bb4.27.4&#8243; _module_preset=\u00bbdefault\u00bb text_font_size=\u00bb1.1em\u00bb global_colors_info=\u00bb{}\u00bb]<\/p>\n<p>Informaci\u00f3n seg\u00fan \u00a7 5 TMG<br \/>Operador y contacto:<br \/>Cyrus Technology GmbH<br \/>Hergelsbendenstra\u00dfe 49<br \/>52080 Aachen<\/p>\n<p>Tel\u00e9fono: +49 (0)241 \/ 939127-0<br \/>Correo electr\u00f3nico: <a href=\"mailto:info@cyrus-technology.de\">info@cyrus-technology.de<\/a><\/p>\n<p>Representaci\u00f3n:<br \/>Cyrus Technology GmbH est\u00e1 representada por Roonak Emami<br \/>Registro y n\u00famero de registro: Juzgado de Primera Instancia de Aquisgr\u00e1n HRB 18224<br \/>NIF-IVA: DE291005082<\/p>\n<p>Realizaci\u00f3n del sitio web:<br \/>Cyrus Technology GmbH<\/p>\n<p>[\/et_pb_text][\/et_pb_column][\/et_pb_row][\/et_pb_section]<\/p>\n","protected":false},"excerpt":{"rendered":"<p>Aviso legalInformaci\u00f3n seg\u00fan \u00a7 5 TMGOperador y contacto:Cyrus Technology GmbHHergelsbendenstra\u00dfe 4952080 Aachen Tel\u00e9fono: +49 (0)241 \/ 939127-0Correo electr\u00f3nico: info@cyrus-technology.de Representaci\u00f3n:Cyrus Technology GmbH est\u00e1 representada por Roonak EmamiRegistro y n\u00famero de registro: Juzgado de Primera Instancia de Aquisgr\u00e1n HRB 18224NIF-IVA: DE291005082 Realizaci\u00f3n del sitio web:Cyrus Technology GmbH<\/p>\n","protected":false},"author":1,"featured_media":0,"parent":0,"menu_order":0,"comment_status":"closed","ping_status":"closed","template":"","meta":{"_acf_changed":false,"_et_pb_use_builder":"on","_et_pb_old_content":"[cs_content][cs_element_section _id=\"1\" ][cs_element_layout_row _id=\"2\" ][cs_element_layout_column _id=\"3\" ][cs_element_headline _id=\"4\" ][cs_content_seo]Aviso legalnn[\/cs_content_seo][\/cs_element_layout_column][\/cs_element_layout_row][cs_element_layout_row _id=\"5\" ][cs_element_layout_column _id=\"6\" ][cs_element_text _id=\"7\" ][cs_content_seo]Aviso legal Cyrus Technology GmbHnn[\/cs_content_seo][\/cs_element_layout_column][\/cs_element_layout_row][\/cs_element_section][cs_element_section _id=\"8\" ][cs_element_layout_row _id=\"9\" ][cs_element_layout_column _id=\"10\" ][\/cs_element_layout_row][\/cs_element_section][cs_element_section _id=\"11\" ][cs_element_layout_row _id=\"12\" ][cs_element_layout_column _id=\"13\" ][cs_element_text _id=\"14\" ][cs_content_seo]Informaci\u00f3n conforme al \u00a7 5 TMG\r\nOperador y contacto:Cyrus Technology GmbH\r\nHergelsbendenstra\u00dfe 4952080 Aachen\r\nN\u00famero telef\u00f3nico: +49 (0)241 \/ 939127-0Direcci\u00f3n de correo electr\u00f3nico: info@cyrus-technology.de\r\nRepresentaci\u00f3n:Cyrus Technology GmbH est\u00e1 representado por Roonak Emamiregistro y n\u00famero de registro: Amtsgericht Aachen HRB 18224n\u00famero de IVA: DE291005082\r\nRealizaci\u00f3n del sitio web: Mattis Schaeffer - Webdesign & -developmentmattis-schaeffer.denn[\/cs_content_seo][\/cs_element_layout_column][\/cs_element_layout_row][\/cs_element_section][\/cs_content]","_et_gb_content_width":"","footnotes":""},"class_list":["post-1405","page","type-page","status-publish","hentry"],"acf":[],"yoast_head":"<!-- This site is optimized with the Yoast SEO plugin v27.4 - https:\/\/yoast.com\/product\/yoast-seo-wordpress\/ -->\n<title>Aviso Legal | Cyrus Technology<\/title>\n<meta name=\"description\" content=\"Aviso legal de Cyrus. L\u00e9alo atentamente y, si tiene alguna pregunta, p\u00f3ngase en contacto con nuestro servicio de asistencia.\" \/>\n<meta name=\"robots\" content=\"index, follow, max-snippet:-1, max-image-preview:large, max-video-preview:-1\" \/>\n<link rel=\"canonical\" href=\"https:\/\/www.cyrus-technology.de\/es\/cyrus-aviso-legal\/\" \/>\n<meta property=\"og:locale\" content=\"es_ES\" \/>\n<meta property=\"og:type\" content=\"article\" \/>\n<meta property=\"og:title\" content=\"Aviso Legal | Cyrus Technology\" \/>\n<meta property=\"og:description\" content=\"Aviso legal de Cyrus. L\u00e9alo atentamente y, si tiene alguna pregunta, p\u00f3ngase en contacto con nuestro servicio de asistencia.\" \/>\n<meta property=\"og:url\" content=\"https:\/\/www.cyrus-technology.de\/es\/cyrus-aviso-legal\/\" \/>\n<meta property=\"og:site_name\" content=\"Cyrus Technology\" \/>\n<meta property=\"article:modified_time\" content=\"2025-09-19T12:30:50+00:00\" \/>\n<meta name=\"twitter:card\" content=\"summary_large_image\" \/>\n<meta name=\"twitter:label1\" content=\"Tiempo de lectura\" \/>\n\t<meta name=\"twitter:data1\" content=\"1 minuto\" \/>\n<script type=\"application\/ld+json\" class=\"yoast-schema-graph\">{\"@context\":\"https:\\\/\\\/schema.org\",\"@graph\":[{\"@type\":\"WebPage\",\"@id\":\"https:\\\/\\\/www.cyrus-technology.de\\\/es\\\/cyrus-aviso-legal\\\/\",\"url\":\"https:\\\/\\\/www.cyrus-technology.de\\\/es\\\/cyrus-aviso-legal\\\/\",\"name\":\"Aviso Legal | Cyrus Technology\",\"isPartOf\":{\"@id\":\"https:\\\/\\\/www.cyrus-technology.de\\\/es\\\/#website\"},\"datePublished\":\"2021-04-29T10:43:02+00:00\",\"dateModified\":\"2025-09-19T12:30:50+00:00\",\"description\":\"Aviso legal de Cyrus. L\u00e9alo atentamente y, si tiene alguna pregunta, p\u00f3ngase en contacto con nuestro servicio de asistencia.\",\"breadcrumb\":{\"@id\":\"https:\\\/\\\/www.cyrus-technology.de\\\/es\\\/cyrus-aviso-legal\\\/#breadcrumb\"},\"inLanguage\":\"es\",\"potentialAction\":[{\"@type\":\"ReadAction\",\"target\":[\"https:\\\/\\\/www.cyrus-technology.de\\\/es\\\/cyrus-aviso-legal\\\/\"]}]},{\"@type\":\"BreadcrumbList\",\"@id\":\"https:\\\/\\\/www.cyrus-technology.de\\\/es\\\/cyrus-aviso-legal\\\/#breadcrumb\",\"itemListElement\":[{\"@type\":\"ListItem\",\"position\":1,\"name\":\"Startseite\",\"item\":\"https:\\\/\\\/www.cyrus-technology.de\\\/es\\\/\"},{\"@type\":\"ListItem\",\"position\":2,\"name\":\"Aviso Legal\"}]},{\"@type\":\"WebSite\",\"@id\":\"https:\\\/\\\/www.cyrus-technology.de\\\/es\\\/#website\",\"url\":\"https:\\\/\\\/www.cyrus-technology.de\\\/es\\\/\",\"name\":\"Cyrus Technology\",\"description\":\"INDUSTRIAL SOLUTIONS\",\"publisher\":{\"@id\":\"https:\\\/\\\/www.cyrus-technology.de\\\/es\\\/#organization\"},\"potentialAction\":[{\"@type\":\"SearchAction\",\"target\":{\"@type\":\"EntryPoint\",\"urlTemplate\":\"https:\\\/\\\/www.cyrus-technology.de\\\/es\\\/?s={search_term_string}\"},\"query-input\":{\"@type\":\"PropertyValueSpecification\",\"valueRequired\":true,\"valueName\":\"search_term_string\"}}],\"inLanguage\":\"es\"},{\"@type\":\"Organization\",\"@id\":\"https:\\\/\\\/www.cyrus-technology.de\\\/es\\\/#organization\",\"name\":\"Cyrus Technology GmbH\",\"url\":\"https:\\\/\\\/www.cyrus-technology.de\\\/es\\\/\",\"logo\":{\"@type\":\"ImageObject\",\"inLanguage\":\"es\",\"@id\":\"https:\\\/\\\/www.cyrus-technology.de\\\/es\\\/#\\\/schema\\\/logo\\\/image\\\/\",\"url\":\"https:\\\/\\\/www.cyrus-technology.de\\\/wp-content\\\/uploads\\\/2021\\\/05\\\/HEADER_DasistCyrus2.png\",\"contentUrl\":\"https:\\\/\\\/www.cyrus-technology.de\\\/wp-content\\\/uploads\\\/2021\\\/05\\\/HEADER_DasistCyrus2.png\",\"width\":2000,\"height\":1170,\"caption\":\"Cyrus Technology GmbH\"},\"image\":{\"@id\":\"https:\\\/\\\/www.cyrus-technology.de\\\/es\\\/#\\\/schema\\\/logo\\\/image\\\/\"}}]}<\/script>\n<!-- \/ Yoast SEO plugin. -->","yoast_head_json":{"title":"Aviso Legal | Cyrus Technology","description":"Aviso legal de Cyrus. L\u00e9alo atentamente y, si tiene alguna pregunta, p\u00f3ngase en contacto con nuestro servicio de asistencia.","robots":{"index":"index","follow":"follow","max-snippet":"max-snippet:-1","max-image-preview":"max-image-preview:large","max-video-preview":"max-video-preview:-1"},"canonical":"https:\/\/www.cyrus-technology.de\/es\/cyrus-aviso-legal\/","og_locale":"es_ES","og_type":"article","og_title":"Aviso Legal | Cyrus Technology","og_description":"Aviso legal de Cyrus. L\u00e9alo atentamente y, si tiene alguna pregunta, p\u00f3ngase en contacto con nuestro servicio de asistencia.","og_url":"https:\/\/www.cyrus-technology.de\/es\/cyrus-aviso-legal\/","og_site_name":"Cyrus Technology","article_modified_time":"2025-09-19T12:30:50+00:00","twitter_card":"summary_large_image","twitter_misc":{"Tiempo de lectura":"1 minuto"},"schema":{"@context":"https:\/\/schema.org","@graph":[{"@type":"WebPage","@id":"https:\/\/www.cyrus-technology.de\/es\/cyrus-aviso-legal\/","url":"https:\/\/www.cyrus-technology.de\/es\/cyrus-aviso-legal\/","name":"Aviso Legal | Cyrus Technology","isPartOf":{"@id":"https:\/\/www.cyrus-technology.de\/es\/#website"},"datePublished":"2021-04-29T10:43:02+00:00","dateModified":"2025-09-19T12:30:50+00:00","description":"Aviso legal de Cyrus. L\u00e9alo atentamente y, si tiene alguna pregunta, p\u00f3ngase en contacto con nuestro servicio de asistencia.","breadcrumb":{"@id":"https:\/\/www.cyrus-technology.de\/es\/cyrus-aviso-legal\/#breadcrumb"},"inLanguage":"es","potentialAction":[{"@type":"ReadAction","target":["https:\/\/www.cyrus-technology.de\/es\/cyrus-aviso-legal\/"]}]},{"@type":"BreadcrumbList","@id":"https:\/\/www.cyrus-technology.de\/es\/cyrus-aviso-legal\/#breadcrumb","itemListElement":[{"@type":"ListItem","position":1,"name":"Startseite","item":"https:\/\/www.cyrus-technology.de\/es\/"},{"@type":"ListItem","position":2,"name":"Aviso Legal"}]},{"@type":"WebSite","@id":"https:\/\/www.cyrus-technology.de\/es\/#website","url":"https:\/\/www.cyrus-technology.de\/es\/","name":"Cyrus Technology","description":"INDUSTRIAL SOLUTIONS","publisher":{"@id":"https:\/\/www.cyrus-technology.de\/es\/#organization"},"potentialAction":[{"@type":"SearchAction","target":{"@type":"EntryPoint","urlTemplate":"https:\/\/www.cyrus-technology.de\/es\/?s={search_term_string}"},"query-input":{"@type":"PropertyValueSpecification","valueRequired":true,"valueName":"search_term_string"}}],"inLanguage":"es"},{"@type":"Organization","@id":"https:\/\/www.cyrus-technology.de\/es\/#organization","name":"Cyrus Technology GmbH","url":"https:\/\/www.cyrus-technology.de\/es\/","logo":{"@type":"ImageObject","inLanguage":"es","@id":"https:\/\/www.cyrus-technology.de\/es\/#\/schema\/logo\/image\/","url":"https:\/\/www.cyrus-technology.de\/wp-content\/uploads\/2021\/05\/HEADER_DasistCyrus2.png","contentUrl":"https:\/\/www.cyrus-technology.de\/wp-content\/uploads\/2021\/05\/HEADER_DasistCyrus2.png","width":2000,"height":1170,"caption":"Cyrus Technology GmbH"},"image":{"@id":"https:\/\/www.cyrus-technology.de\/es\/#\/schema\/logo\/image\/"}}]}},"_links":{"self":[{"href":"https:\/\/www.cyrus-technology.de\/es\/wp-json\/wp\/v2\/pages\/1405","targetHints":{"allow":["GET"]}}],"collection":[{"href":"https:\/\/www.cyrus-technology.de\/es\/wp-json\/wp\/v2\/pages"}],"about":[{"href":"https:\/\/www.cyrus-technology.de\/es\/wp-json\/wp\/v2\/types\/page"}],"author":[{"embeddable":true,"href":"https:\/\/www.cyrus-technology.de\/es\/wp-json\/wp\/v2\/users\/1"}],"replies":[{"embeddable":true,"href":"https:\/\/www.cyrus-technology.de\/es\/wp-json\/wp\/v2\/comments?post=1405"}],"version-history":[{"count":5,"href":"https:\/\/www.cyrus-technology.de\/es\/wp-json\/wp\/v2\/pages\/1405\/revisions"}],"predecessor-version":[{"id":4651,"href":"https:\/\/www.cyrus-technology.de\/es\/wp-json\/wp\/v2\/pages\/1405\/revisions\/4651"}],"wp:attachment":[{"href":"https:\/\/www.cyrus-technology.de\/es\/wp-json\/wp\/v2\/media?parent=1405"}],"curies":[{"name":"wp","href":"https:\/\/api.w.org\/{rel}","templated":true}]}}