{"id":4280,"date":"2025-08-26T11:06:01","date_gmt":"2025-08-26T09:06:01","guid":{"rendered":"https:\/\/www.cyrus-technology.de\/downloads\/"},"modified":"2025-09-23T09:36:37","modified_gmt":"2025-09-23T07:36:37","slug":"downloads","status":"publish","type":"page","link":"https:\/\/www.cyrus-technology.de\/en\/downloads\/","title":{"rendered":"Downloads"},"content":{"rendered":"<p>[et_pb_section fb_built=&#8221;1&#8243; _builder_version=&#8221;4.27.4&#8243; _module_preset=&#8221;default&#8221; background_image=&#8221;https:\/\/www.cyrus-technology.de\/wp-content\/uploads\/2021\/06\/Header_Foto_Reparatur.png&#8221; global_colors_info=&#8221;{}&#8221;][et_pb_row column_structure=&#8221;1_2,1_2&#8243; _builder_version=&#8221;4.27.4&#8243; _module_preset=&#8221;default&#8221; global_colors_info=&#8221;{}&#8221;][et_pb_column type=&#8221;1_2&#8243; _builder_version=&#8221;4.27.4&#8243; _module_preset=&#8221;default&#8221; global_colors_info=&#8221;{}&#8221;][et_pb_text _builder_version=&#8221;4.27.4&#8243; _module_preset=&#8221;default&#8221; text_text_color=&#8221;#131313&#8243; text_text_shadow_style=&#8221;preset2&#8243; text_text_shadow_blur_strength=&#8221;0.61em&#8221; global_colors_info=&#8221;{}&#8221;]<\/p>\n<h1><strong><span style=\"color: #ffffff;\">Downloads<\/span><\/strong><\/h1>\n<p>[\/et_pb_text][\/et_pb_column][et_pb_column type=&#8221;1_2&#8243; _builder_version=&#8221;4.27.4&#8243; _module_preset=&#8221;default&#8221; global_colors_info=&#8221;{}&#8221;][\/et_pb_column][\/et_pb_row][\/et_pb_section][et_pb_section fb_built=&#8221;1&#8243; _builder_version=&#8221;4.27.4&#8243; _module_preset=&#8221;default&#8221; global_colors_info=&#8221;{}&#8221;][et_pb_row column_structure=&#8221;1_2,1_2&#8243; module_id=&#8221;geraete&#8221; module_class=&#8221;geraete&#8221; _builder_version=&#8221;4.27.4&#8243; _module_preset=&#8221;default&#8221; global_colors_info=&#8221;{}&#8221;][et_pb_column type=&#8221;1_2&#8243; _builder_version=&#8221;4.27.4&#8243; _module_preset=&#8221;default&#8221; global_colors_info=&#8221;{}&#8221;][et_pb_text _builder_version=&#8221;4.27.4&#8243; _module_preset=&#8221;default&#8221; global_colors_info=&#8221;{}&#8221;]<\/p>\n<h2><span style=\"color: #131313;\"><strong>Devices<\/strong><\/span><\/h2>\n<p>[\/et_pb_text][\/et_pb_column][et_pb_column type=&#8221;1_2&#8243; _builder_version=&#8221;4.27.4&#8243; _module_preset=&#8221;default&#8221; global_colors_info=&#8221;{}&#8221;][et_pb_tabs _builder_version=&#8221;4.27.4&#8243; _module_preset=&#8221;default&#8221; min_height=&#8221;490.6px&#8221; global_colors_info=&#8221;{}&#8221; locked=&#8221;off&#8221;][et_pb_tab title=&#8221;CM450XA&#8221; _builder_version=&#8221;4.27.4&#8243; _module_preset=&#8221;default&#8221; global_colors_info=&#8221;{}&#8221;]<\/p>\n<p><a href=\"https:\/\/www.cyrus-technology.de\/wp-content\/uploads\/2024\/11\/Datenblatt_CM450XA_241001_DEU.pdf\" target=\"_blank\" rel=\"noopener\">Datenblatt CM450XA Deutsch<\/a><\/p>\n<p><a href=\"https:\/\/www.cyrus-technology.de\/wp-content\/uploads\/2024\/11\/Datenblatt_CM450XA_240930_ENG.pdf\" target=\"_blank\" rel=\"noopener\">Data sheet CM450XA English<\/a><\/p>\n<p><a href=\"https:\/\/www.cyrus-technology.de\/wp-content\/uploads\/2024\/11\/Datenblatt_CM450XA_241002_ESP.pdf\" target=\"_blank\" rel=\"noopener\">Ficha t\u00e9cnica CM450XA Espa\u00f1ol<\/a><\/p>\n<p><a href=\"https:\/\/www.cyrus-technology.de\/wp-content\/uploads\/2025\/08\/CM450XA_Handbuch_GER_2025-5.pdf\" target=\"_blank\" rel=\"noopener\">Handbuch CM450XA Deutsch<\/a><\/p>\n<p><a href=\"https:\/\/www.cyrus-technology.de\/wp-content\/uploads\/2025\/08\/CM450XA_Handbuch_EN_2025-4.pdf\" target=\"_blank\" rel=\"noopener\">Manual CM450XA English<\/a><\/p>\n<p><a href=\"https:\/\/www.cyrus-technology.de\/wp-content\/uploads\/2021\/05\/Declaration-of-Confirmity_CT1XA.pdf\" target=\"_blank\" rel=\"noopener\">Declaration of Conformity CT1XA English<\/a><\/p>\n<p>[\/et_pb_tab][et_pb_tab title=&#8221;CS45XA&#8221; _builder_version=&#8221;4.27.4&#8243; _module_preset=&#8221;default&#8221; global_colors_info=&#8221;{}&#8221;]<\/p>\n<p><a href=\"https:\/\/www.cyrus-technology.de\/wp-content\/uploads\/2024\/11\/Datenblatt_CS45XA_241002_DEU.pdf\" target=\"_blank\" rel=\"noopener\">Datenblatt CS45XA Deutsch<\/a><\/p>\n<p><a href=\"https:\/\/www.cyrus-technology.de\/wp-content\/uploads\/2024\/11\/Datenblatt_CS45XA_241014_ENG.pdf\" target=\"_blank\" rel=\"noopener\">Data sheet CS45XA English<\/a><\/p>\n<p><a href=\"https:\/\/www.cyrus-technology.de\/wp-content\/uploads\/2024\/11\/Datenblatt_CS45XA_241002_ESP.pdf\" target=\"_blank\" rel=\"noopener\">Ficha t\u00e9cnica CS45XA Espa\u00f1ol<\/a><\/p>\n<p><a href=\"https:\/\/www.cyrus-technology.de\/wp-content\/uploads\/2021\/05\/CS45XA_Handbuch_DE_20210428.pdf\" target=\"_blank\" rel=\"noopener\">Handbuch CS45XA Deutsch<\/a><\/p>\n<p><a href=\"https:\/\/www.cyrus-technology.de\/wp-content\/uploads\/2021\/05\/CS45XA_Handbuch_EN_20210428.pdf\" target=\"_blank\" rel=\"noopener\">Manual CS45XA English<\/a><\/p>\n<p><a href=\"https:\/\/www.cyrus-technology.de\/wp-content\/uploads\/2021\/05\/CS45XA_Handbuch_ES_20210428.pdf\" target=\"_blank\" rel=\"noopener\">Manual CS45XA Espa\u00f1ol<\/a><\/p>\n<p><a href=\"https:\/\/www.cyrus-technology.de\/wp-content\/uploads\/2021\/05\/CS45XA_Handbuch_FR_20210428.pdf\" target=\"_blank\" rel=\"noopener\">Manuel CS45XA Fran\u00e7ais<\/a><\/p>\n<p><a href=\"https:\/\/www.cyrus-technology.de\/wp-content\/uploads\/2021\/05\/Declaration-of-Confirmity_CS45XA.pdf\" target=\"_blank\" rel=\"noopener\">Declaration of Conformity CS45XA English<\/a><\/p>\n<p>[\/et_pb_tab][et_pb_tab title=&#8221;CT1XA&#8221; _builder_version=&#8221;4.27.4&#8243; _module_preset=&#8221;default&#8221; global_colors_info=&#8221;{}&#8221;]<\/p>\n<p><a href=\"https:\/\/www.cyrus-technology.de\/wp-content\/uploads\/2024\/11\/Datenblatt_CT1XA_241007_DEU.pdf\" target=\"_blank\" rel=\"noopener\">Datenblatt CT1XA Deutsch<\/a><\/p>\n<p><a href=\"https:\/\/www.cyrus-technology.de\/wp-content\/uploads\/2024\/11\/Datenblatt_CT1XA_241010_ENG.pdf\" target=\"_blank\" rel=\"noopener\">Data sheet CTXA English<\/a><\/p>\n<p><a href=\"https:\/\/www.cyrus-technology.de\/wp-content\/uploads\/2024\/11\/Datenblatt_CT1XA_241007_ESP.pdf\" target=\"_blank\" rel=\"noopener\">Ficha t\u00e9cnica CT1XA Espa\u00f1ol<\/a><\/p>\n<p><a href=\"https:\/\/www.cyrus-technology.de\/wp-content\/uploads\/2021\/12\/CT1XA_Handbuch_DE_20210511.pdf\" target=\"_blank\" rel=\"noopener\">Handbuch CT1XA Deutsch<\/a><\/p>\n<p><a href=\"https:\/\/www.cyrus-technology.de\/wp-content\/uploads\/2021\/05\/Declaration-of-Confirmity_CT1XA.pdf\" target=\"_blank\" rel=\"noopener\">Declaration of Conformity CT1XA English<\/a><\/p>\n<p>[\/et_pb_tab][et_pb_tab title=&#8221;CS22XA&#8221; _builder_version=&#8221;4.27.4&#8243; _module_preset=&#8221;default&#8221; global_colors_info=&#8221;{}&#8221;]<\/p>\n<p><a href=\"https:\/\/www.cyrus-technology.de\/wp-content\/uploads\/2024\/11\/Datenblatt_CS22XA_241002_DEU.pdf\" target=\"_blank\" rel=\"noopener\">Datenblatt CS22XA Deutsch<\/a><\/p>\n<p><a href=\"https:\/\/www.cyrus-technology.de\/wp-content\/uploads\/2024\/11\/Datenblatt_CS22XA_241002_ENG.pdf\" target=\"_blank\" rel=\"noopener\">Data sheet CS22XA English<\/a><\/p>\n<p><a href=\"https:\/\/www.cyrus-technology.de\/wp-content\/uploads\/2024\/11\/Datenblatt_CS22XA_241002_ESP.pdf\" target=\"_blank\" rel=\"noopener\">Ficha t\u00e9cnica CS22XA Espa\u00f1ol<\/a><\/p>\n<p><a href=\"https:\/\/www.cyrus-technology.de\/wp-content\/uploads\/2021\/05\/CS22XA_Handbuch_DE_20210428.pdf\" target=\"_blank\" rel=\"noopener\">Handbuch CS22XA Deutsch<\/a><\/p>\n<p><a href=\"https:\/\/www.cyrus-technology.de\/wp-content\/uploads\/2021\/05\/CS22XA_Handbuch_EN_20210428.pdf\" target=\"_blank\" rel=\"noopener\">Manual CS22XA English<\/a><\/p>\n<p><a href=\"https:\/\/www.cyrus-technology.de\/wp-content\/uploads\/2021\/05\/CS22XA_Handbuch_ES_20210428.pdf\" target=\"_blank\" rel=\"noopener\">Manual CS22XA Espa\u00f1ol<\/a><\/p>\n<p><a href=\"https:\/\/www.cyrus-technology.de\/wp-content\/uploads\/2021\/05\/CS22XA_Handbuch_FR_20210428.pdf\" target=\"_blank\" rel=\"noopener\">Manuel CS22XA Fran\u00e7ais<\/a><\/p>\n<p><a href=\"https:\/\/www.cyrus-technology.de\/wp-content\/uploads\/2021\/05\/Declaration-of-Confirmity_CS22XA.pdf\" target=\"_blank\" rel=\"noopener\">Declaration of Conformity CS22XA English<\/a><\/p>\n<p>[\/et_pb_tab][et_pb_tab title=&#8221;CR450 AX\/ BX&#8221; _builder_version=&#8221;4.27.4&#8243; _module_preset=&#8221;default&#8221; global_colors_info=&#8221;{}&#8221;]<\/p>\n<p><a href=\"https:\/\/www.cyrus-technology.de\/wp-content\/uploads\/2025\/09\/Datasheet-CR450AX-GER-1.pdf\" target=\"_blank\" rel=\"noopener\">Datenblatt CR450AX Deutsch<\/a><\/p>\n<p><a href=\"https:\/\/www.cyrus-technology.de\/wp-content\/uploads\/2025\/09\/Datasheet-CR450AX-EN-1.pdf\" target=\"_blank\" rel=\"noopener\">Data sheet CR450AX English<\/a><\/p>\n<p><a href=\"https:\/\/www.cyrus-technology.de\/wp-content\/uploads\/2025\/09\/Datasheet-CR450BX-GER-1.pdf\" target=\"_blank\" rel=\"noopener\">Datenblatt CR450BX Deutsch<\/a><\/p>\n<p><a href=\"https:\/\/www.cyrus-technology.de\/wp-content\/uploads\/2025\/09\/Datasheet-CR450BX-EN-1.pdf\" target=\"_blank\" rel=\"noopener\">Data sheet CR450BX English<\/a><\/p>\n<p>&nbsp;<\/p>\n<p>[\/et_pb_tab][\/et_pb_tabs][\/et_pb_column][\/et_pb_row][\/et_pb_section][et_pb_section fb_built=&#8221;1&#8243; _builder_version=&#8221;4.27.4&#8243; _module_preset=&#8221;default&#8221; background_color=&#8221;#131313&#8243; min_height=&#8221;75.8px&#8221; custom_padding=&#8221;0px||0px||false|false&#8221; global_colors_info=&#8221;{}&#8221;][\/et_pb_section][et_pb_section fb_built=&#8221;1&#8243; _builder_version=&#8221;4.27.4&#8243; _module_preset=&#8221;default&#8221; min_height=&#8221;346.2px&#8221; custom_margin=&#8221;-19px|||||&#8221; global_colors_info=&#8221;{}&#8221;][et_pb_row column_structure=&#8221;1_2,1_2&#8243; module_id=&#8221;service&#8221; module_class=&#8221;service&#8221; _builder_version=&#8221;4.27.4&#8243; _module_preset=&#8221;default&#8221; global_colors_info=&#8221;{}&#8221;][et_pb_column type=&#8221;1_2&#8243; _builder_version=&#8221;4.27.4&#8243; _module_preset=&#8221;default&#8221; global_colors_info=&#8221;{}&#8221;][et_pb_text _builder_version=&#8221;4.27.4&#8243; _module_preset=&#8221;default&#8221; global_colors_info=&#8221;{}&#8221;]<\/p>\n<h2><span style=\"color: #131313;\"><strong>Service<\/strong><\/span><\/h2>\n<p>[\/et_pb_text][\/et_pb_column][et_pb_column type=&#8221;1_2&#8243; _builder_version=&#8221;4.27.4&#8243; _module_preset=&#8221;default&#8221; global_colors_info=&#8221;{}&#8221;][et_pb_tabs _builder_version=&#8221;4.27.4&#8243; _module_preset=&#8221;default&#8221; global_colors_info=&#8221;{}&#8221;][et_pb_tab title=&#8221;Repair order&#8221; _builder_version=&#8221;4.27.4&#8243; _module_preset=&#8221;default&#8221; global_colors_info=&#8221;{}&#8221;]<\/p>\n<p><a href=\"https:\/\/www.cyrus-technology.de\/wp-content\/uploads\/2025\/08\/Cyrus_Reparaturauftrag_2025_Neu-2.pdf\" target=\"_blank\" rel=\"noopener\">Reparaturauftrag<\/a><\/p>\n<p><\/p>\n<p><a href=\"https:\/\/www.cyrus-technology.de\/wp-content\/uploads\/2025\/08\/Cyrus_Reparaturauftrag_2025_New.pdf\" target=\"_blank\" rel=\"noopener\">Repair order<\/a><\/p>\n<p><\/p>\n<p><a href=\"https:\/\/www.cyrus-technology.de\/wp-content\/uploads\/2025\/08\/Cyrus_Reparaturauftrag_2025_Nuevo.pdf\" target=\"_blank\" rel=\"noopener\">Orden de reparaci\u00f3n<\/a><\/p>\n<p>[\/et_pb_tab][et_pb_tab title=&#8221;Warranty terms&#8221; _builder_version=&#8221;4.27.4&#8243; _module_preset=&#8221;default&#8221; global_colors_info=&#8221;{}&#8221;]<\/p>\n<p><a href=\"https:\/\/www.cyrus-technology.de\/wp-content\/uploads\/2022\/01\/Cyrus_Garantiebedingungen_DE_202104.pdf\" target=\"_blank\" rel=\"noopener\">Garantiebedingungen<\/a><\/p>\n<p><\/p>\n<p><a href=\"https:\/\/www.cyrus-technology.de\/wp-content\/uploads\/2022\/01\/Cyrus_Garantiebedingungen_EN_082019.pdf\" target=\"_blank\" rel=\"noopener\">Warranty conditions<\/a><\/p>\n<p><\/p>\n<p><a href=\"https:\/\/www.cyrus-technology.de\/wp-content\/uploads\/2022\/01\/Cyrus_Garantiebedingungen_ES_082019.pdf\" target=\"_blank\" rel=\"noopener\">Conditiones de garantia<\/a><\/p>\n<p>[\/et_pb_tab][\/et_pb_tabs][\/et_pb_column][\/et_pb_row][\/et_pb_section]<\/p>\n","protected":false},"excerpt":{"rendered":"<p>DownloadsDevicesDatenblatt CM450XA Deutsch Data sheet CM450XA English Ficha t\u00e9cnica CM450XA Espa\u00f1ol Handbuch CM450XA Deutsch Manual CM450XA English Declaration of Conformity CT1XA EnglishDatenblatt CS45XA Deutsch Data sheet CS45XA English Ficha t\u00e9cnica CS45XA Espa\u00f1ol Handbuch CS45XA Deutsch Manual CS45XA English Manual CS45XA Espa\u00f1ol Manuel CS45XA Fran\u00e7ais Declaration of Conformity CS45XA EnglishDatenblatt CT1XA Deutsch Data sheet CTXA English [&hellip;]<\/p>\n","protected":false},"author":2783,"featured_media":0,"parent":0,"menu_order":0,"comment_status":"closed","ping_status":"closed","template":"","meta":{"_acf_changed":false,"_et_pb_use_builder":"on","_et_pb_old_content":"","_et_gb_content_width":"","footnotes":""},"class_list":["post-4280","page","type-page","status-publish","hentry"],"acf":[],"yoast_head":"<!-- This site is optimized with the Yoast SEO plugin v27.4 - https:\/\/yoast.com\/product\/yoast-seo-wordpress\/ -->\n<title>Downloads | Cyrus Technology<\/title>\n<meta name=\"robots\" content=\"index, follow, max-snippet:-1, max-image-preview:large, max-video-preview:-1\" \/>\n<link rel=\"canonical\" href=\"https:\/\/www.cyrus-technology.de\/en\/downloads\/\" \/>\n<meta property=\"og:locale\" content=\"en_US\" \/>\n<meta property=\"og:type\" content=\"article\" \/>\n<meta property=\"og:title\" content=\"Downloads | Cyrus Technology\" \/>\n<meta property=\"og:description\" content=\"DownloadsDevicesDatenblatt CM450XA Deutsch Data sheet CM450XA English Ficha t\u00e9cnica CM450XA Espa\u00f1ol Handbuch CM450XA Deutsch Manual CM450XA English Declaration of Conformity CT1XA EnglishDatenblatt CS45XA Deutsch Data sheet CS45XA English Ficha t\u00e9cnica CS45XA Espa\u00f1ol Handbuch CS45XA Deutsch Manual CS45XA English Manual CS45XA Espa\u00f1ol Manuel CS45XA Fran\u00e7ais Declaration of Conformity CS45XA EnglishDatenblatt CT1XA Deutsch Data sheet CTXA English [&hellip;]\" \/>\n<meta property=\"og:url\" content=\"https:\/\/www.cyrus-technology.de\/en\/downloads\/\" \/>\n<meta property=\"og:site_name\" content=\"Cyrus Technology\" \/>\n<meta property=\"article:modified_time\" content=\"2025-09-23T07:36:37+00:00\" \/>\n<meta name=\"twitter:card\" content=\"summary_large_image\" \/>\n<meta name=\"twitter:label1\" content=\"Est. reading time\" \/>\n\t<meta name=\"twitter:data1\" content=\"1 minute\" \/>\n<script type=\"application\/ld+json\" class=\"yoast-schema-graph\">{\"@context\":\"https:\\\/\\\/schema.org\",\"@graph\":[{\"@type\":\"WebPage\",\"@id\":\"https:\\\/\\\/www.cyrus-technology.de\\\/en\\\/downloads\\\/\",\"url\":\"https:\\\/\\\/www.cyrus-technology.de\\\/en\\\/downloads\\\/\",\"name\":\"Downloads | Cyrus Technology\",\"isPartOf\":{\"@id\":\"https:\\\/\\\/www.cyrus-technology.de\\\/en\\\/#website\"},\"datePublished\":\"2025-08-26T09:06:01+00:00\",\"dateModified\":\"2025-09-23T07:36:37+00:00\",\"breadcrumb\":{\"@id\":\"https:\\\/\\\/www.cyrus-technology.de\\\/en\\\/downloads\\\/#breadcrumb\"},\"inLanguage\":\"en-US\",\"potentialAction\":[{\"@type\":\"ReadAction\",\"target\":[\"https:\\\/\\\/www.cyrus-technology.de\\\/en\\\/downloads\\\/\"]}]},{\"@type\":\"BreadcrumbList\",\"@id\":\"https:\\\/\\\/www.cyrus-technology.de\\\/en\\\/downloads\\\/#breadcrumb\",\"itemListElement\":[{\"@type\":\"ListItem\",\"position\":1,\"name\":\"Startseite\",\"item\":\"https:\\\/\\\/www.cyrus-technology.de\\\/en\\\/\"},{\"@type\":\"ListItem\",\"position\":2,\"name\":\"Downloads\"}]},{\"@type\":\"WebSite\",\"@id\":\"https:\\\/\\\/www.cyrus-technology.de\\\/en\\\/#website\",\"url\":\"https:\\\/\\\/www.cyrus-technology.de\\\/en\\\/\",\"name\":\"Cyrus Technology\",\"description\":\"INDUSTRIAL SOLUTIONS\",\"publisher\":{\"@id\":\"https:\\\/\\\/www.cyrus-technology.de\\\/en\\\/#organization\"},\"potentialAction\":[{\"@type\":\"SearchAction\",\"target\":{\"@type\":\"EntryPoint\",\"urlTemplate\":\"https:\\\/\\\/www.cyrus-technology.de\\\/en\\\/?s={search_term_string}\"},\"query-input\":{\"@type\":\"PropertyValueSpecification\",\"valueRequired\":true,\"valueName\":\"search_term_string\"}}],\"inLanguage\":\"en-US\"},{\"@type\":\"Organization\",\"@id\":\"https:\\\/\\\/www.cyrus-technology.de\\\/en\\\/#organization\",\"name\":\"Cyrus Technology GmbH\",\"url\":\"https:\\\/\\\/www.cyrus-technology.de\\\/en\\\/\",\"logo\":{\"@type\":\"ImageObject\",\"inLanguage\":\"en-US\",\"@id\":\"https:\\\/\\\/www.cyrus-technology.de\\\/en\\\/#\\\/schema\\\/logo\\\/image\\\/\",\"url\":\"https:\\\/\\\/www.cyrus-technology.de\\\/wp-content\\\/uploads\\\/2021\\\/05\\\/HEADER_DasistCyrus2.png\",\"contentUrl\":\"https:\\\/\\\/www.cyrus-technology.de\\\/wp-content\\\/uploads\\\/2021\\\/05\\\/HEADER_DasistCyrus2.png\",\"width\":2000,\"height\":1170,\"caption\":\"Cyrus Technology GmbH\"},\"image\":{\"@id\":\"https:\\\/\\\/www.cyrus-technology.de\\\/en\\\/#\\\/schema\\\/logo\\\/image\\\/\"}}]}<\/script>\n<!-- \/ Yoast SEO plugin. -->","yoast_head_json":{"title":"Downloads | Cyrus Technology","robots":{"index":"index","follow":"follow","max-snippet":"max-snippet:-1","max-image-preview":"max-image-preview:large","max-video-preview":"max-video-preview:-1"},"canonical":"https:\/\/www.cyrus-technology.de\/en\/downloads\/","og_locale":"en_US","og_type":"article","og_title":"Downloads | Cyrus Technology","og_description":"DownloadsDevicesDatenblatt CM450XA Deutsch Data sheet CM450XA English Ficha t\u00e9cnica CM450XA Espa\u00f1ol Handbuch CM450XA Deutsch Manual CM450XA English Declaration of Conformity CT1XA EnglishDatenblatt CS45XA Deutsch Data sheet CS45XA English Ficha t\u00e9cnica CS45XA Espa\u00f1ol Handbuch CS45XA Deutsch Manual CS45XA English Manual CS45XA Espa\u00f1ol Manuel CS45XA Fran\u00e7ais Declaration of Conformity CS45XA EnglishDatenblatt CT1XA Deutsch Data sheet CTXA English [&hellip;]","og_url":"https:\/\/www.cyrus-technology.de\/en\/downloads\/","og_site_name":"Cyrus Technology","article_modified_time":"2025-09-23T07:36:37+00:00","twitter_card":"summary_large_image","twitter_misc":{"Est. reading time":"1 minute"},"schema":{"@context":"https:\/\/schema.org","@graph":[{"@type":"WebPage","@id":"https:\/\/www.cyrus-technology.de\/en\/downloads\/","url":"https:\/\/www.cyrus-technology.de\/en\/downloads\/","name":"Downloads | Cyrus Technology","isPartOf":{"@id":"https:\/\/www.cyrus-technology.de\/en\/#website"},"datePublished":"2025-08-26T09:06:01+00:00","dateModified":"2025-09-23T07:36:37+00:00","breadcrumb":{"@id":"https:\/\/www.cyrus-technology.de\/en\/downloads\/#breadcrumb"},"inLanguage":"en-US","potentialAction":[{"@type":"ReadAction","target":["https:\/\/www.cyrus-technology.de\/en\/downloads\/"]}]},{"@type":"BreadcrumbList","@id":"https:\/\/www.cyrus-technology.de\/en\/downloads\/#breadcrumb","itemListElement":[{"@type":"ListItem","position":1,"name":"Startseite","item":"https:\/\/www.cyrus-technology.de\/en\/"},{"@type":"ListItem","position":2,"name":"Downloads"}]},{"@type":"WebSite","@id":"https:\/\/www.cyrus-technology.de\/en\/#website","url":"https:\/\/www.cyrus-technology.de\/en\/","name":"Cyrus Technology","description":"INDUSTRIAL SOLUTIONS","publisher":{"@id":"https:\/\/www.cyrus-technology.de\/en\/#organization"},"potentialAction":[{"@type":"SearchAction","target":{"@type":"EntryPoint","urlTemplate":"https:\/\/www.cyrus-technology.de\/en\/?s={search_term_string}"},"query-input":{"@type":"PropertyValueSpecification","valueRequired":true,"valueName":"search_term_string"}}],"inLanguage":"en-US"},{"@type":"Organization","@id":"https:\/\/www.cyrus-technology.de\/en\/#organization","name":"Cyrus Technology GmbH","url":"https:\/\/www.cyrus-technology.de\/en\/","logo":{"@type":"ImageObject","inLanguage":"en-US","@id":"https:\/\/www.cyrus-technology.de\/en\/#\/schema\/logo\/image\/","url":"https:\/\/www.cyrus-technology.de\/wp-content\/uploads\/2021\/05\/HEADER_DasistCyrus2.png","contentUrl":"https:\/\/www.cyrus-technology.de\/wp-content\/uploads\/2021\/05\/HEADER_DasistCyrus2.png","width":2000,"height":1170,"caption":"Cyrus Technology GmbH"},"image":{"@id":"https:\/\/www.cyrus-technology.de\/en\/#\/schema\/logo\/image\/"}}]}},"_links":{"self":[{"href":"https:\/\/www.cyrus-technology.de\/en\/wp-json\/wp\/v2\/pages\/4280","targetHints":{"allow":["GET"]}}],"collection":[{"href":"https:\/\/www.cyrus-technology.de\/en\/wp-json\/wp\/v2\/pages"}],"about":[{"href":"https:\/\/www.cyrus-technology.de\/en\/wp-json\/wp\/v2\/types\/page"}],"author":[{"embeddable":true,"href":"https:\/\/www.cyrus-technology.de\/en\/wp-json\/wp\/v2\/users\/2783"}],"replies":[{"embeddable":true,"href":"https:\/\/www.cyrus-technology.de\/en\/wp-json\/wp\/v2\/comments?post=4280"}],"version-history":[{"count":13,"href":"https:\/\/www.cyrus-technology.de\/en\/wp-json\/wp\/v2\/pages\/4280\/revisions"}],"predecessor-version":[{"id":5284,"href":"https:\/\/www.cyrus-technology.de\/en\/wp-json\/wp\/v2\/pages\/4280\/revisions\/5284"}],"wp:attachment":[{"href":"https:\/\/www.cyrus-technology.de\/en\/wp-json\/wp\/v2\/media?parent=4280"}],"curies":[{"name":"wp","href":"https:\/\/api.w.org\/{rel}","templated":true}]}}